{"id":11,"date":"2021-05-22T12:17:18","date_gmt":"2021-05-22T10:17:18","guid":{"rendered":"http:\/\/localhost\/akademia\/krakow\/?page_id=11"},"modified":"2022-11-15T00:27:47","modified_gmt":"2022-11-14T23:27:47","slug":"o-nas","status":"publish","type":"page","link":"https:\/\/akademiabadmintona.pl\/krakow\/o-nas\/","title":{"rendered":"Akademia badmintona"},"content":{"rendered":"<p>Akademia Badmintona Krak\u00f3w zosta\u0142a utworzona z pasji do badmintona przez Zbyszka Jasiulewicza i Tomasza Urbanika &#8211; zawodnik\u00f3w i trener\u00f3w.<\/p>\n<p><strong>W chwili obecnej prowadzimy zapisy na nast\u0119puj\u0105ce rodzaje trening\u00f3w:<br \/>\n<\/strong><br \/>\n&#8211; dla os\u00f3b, kt\u00f3re dopiero rozpoczynaj\u0105 swoj\u0105 przygod\u0119 z badmintonem (4FUN)<br \/>\n&#8211; dla ambitnych i zaawansowanych amator\u00f3w<br \/>\n&#8211; indywidualne treningi dla doros\u0142ych<br \/>\n&#8211; zaj\u0119cia dla firm<br \/>\n&#8211; zaj\u0119cia dla dzieci<\/p>\n<p>Zaj\u0119cia grupowe i indywidualne prowadzimy w FAME SPORT CLUB w Krakowie. Mo\u017cesz przyj\u015b\u0107 bez rakiety, a my dobierzemy Ci sprz\u0119t i osob\u0119 na Twoim poziomie!<\/p>\n<p><iframe loading=\"lazy\" title=\"Jesienny piknik badmintona w Centrum Serenada\" width=\"500\" height=\"281\" src=\"https:\/\/www.youtube.com\/embed\/wdB-8D7VTnA?feature=oembed\" frameborder=\"0\" allow=\"accelerometer; autoplay; clipboard-write; encrypted-media; gyroscope; picture-in-picture; web-share\" referrerpolicy=\"strict-origin-when-cross-origin\" allowfullscreen><\/iframe><\/p>\n<p>&nbsp;<\/p>\n<p>&nbsp;<\/p>\n","protected":false},"excerpt":{"rendered":"<p>Akademia Badmintona Krak\u00f3w zosta\u0142a utworzona z pasji do badmintona przez Zbyszka Jasiulewicza i Tomasza Urbanika &#8211; zawodnik\u00f3w i trener\u00f3w. W [&hellip;]<\/p>\n","protected":false},"author":1,"featured_media":440,"parent":0,"menu_order":0,"comment_status":"closed","ping_status":"closed","template":"","meta":{"_acf_changed":false,"footnotes":""},"class_list":["post-11","page","type-page","status-publish","has-post-thumbnail","hentry"],"acf":[],"yoast_head":"<!-- This site is optimized with the Yoast SEO plugin v25.5 - https:\/\/yoast.com\/wordpress\/plugins\/seo\/ -->\n<title>Akademia badmintona - Akademia krak\u00f3w<\/title>\n<meta name=\"robots\" content=\"index, follow, max-snippet:-1, max-image-preview:large, max-video-preview:-1\" \/>\n<link rel=\"canonical\" href=\"https:\/\/akademiabadmintona.pl\/krakow\/o-nas\/\" \/>\n<meta property=\"og:locale\" content=\"pl_PL\" \/>\n<meta property=\"og:type\" content=\"article\" \/>\n<meta property=\"og:title\" content=\"Akademia badmintona - Akademia krak\u00f3w\" \/>\n<meta property=\"og:description\" content=\"Akademia Badmintona Krak\u00f3w zosta\u0142a utworzona z pasji do badmintona przez Zbyszka Jasiulewicza i Tomasza Urbanika &#8211; zawodnik\u00f3w i trener\u00f3w. W [&hellip;]\" \/>\n<meta property=\"og:url\" content=\"https:\/\/akademiabadmintona.pl\/krakow\/o-nas\/\" \/>\n<meta property=\"og:site_name\" content=\"Akademia krak\u00f3w\" \/>\n<meta property=\"article:modified_time\" content=\"2022-11-14T23:27:47+00:00\" \/>\n<meta property=\"og:image\" content=\"https:\/\/akademiabadmintona.pl\/krakow\/wp-content\/uploads\/sites\/2\/2021\/06\/KC8B2089.jpg\" \/>\n\t<meta property=\"og:image:width\" content=\"1152\" \/>\n\t<meta property=\"og:image:height\" content=\"768\" \/>\n\t<meta property=\"og:image:type\" content=\"image\/jpeg\" \/>\n<meta name=\"twitter:card\" content=\"summary_large_image\" \/>\n<meta name=\"twitter:label1\" content=\"Szacowany czas czytania\" \/>\n\t<meta name=\"twitter:data1\" content=\"1 minuta\" \/>\n<script type=\"application\/ld+json\" class=\"yoast-schema-graph\">{\"@context\":\"https:\/\/schema.org\",\"@graph\":[{\"@type\":\"WebPage\",\"@id\":\"https:\/\/akademiabadmintona.pl\/krakow\/o-nas\/\",\"url\":\"https:\/\/akademiabadmintona.pl\/krakow\/o-nas\/\",\"name\":\"Akademia badmintona - Akademia krak\u00f3w\",\"isPartOf\":{\"@id\":\"https:\/\/akademiabadmintona.pl\/krakow\/#website\"},\"primaryImageOfPage\":{\"@id\":\"https:\/\/akademiabadmintona.pl\/krakow\/o-nas\/#primaryimage\"},\"image\":{\"@id\":\"https:\/\/akademiabadmintona.pl\/krakow\/o-nas\/#primaryimage\"},\"thumbnailUrl\":\"https:\/\/akademiabadmintona.pl\/krakow\/wp-content\/uploads\/sites\/2\/2021\/06\/KC8B2089.jpg\",\"datePublished\":\"2021-05-22T10:17:18+00:00\",\"dateModified\":\"2022-11-14T23:27:47+00:00\",\"breadcrumb\":{\"@id\":\"https:\/\/akademiabadmintona.pl\/krakow\/o-nas\/#breadcrumb\"},\"inLanguage\":\"pl-PL\",\"potentialAction\":[{\"@type\":\"ReadAction\",\"target\":[\"https:\/\/akademiabadmintona.pl\/krakow\/o-nas\/\"]}]},{\"@type\":\"ImageObject\",\"inLanguage\":\"pl-PL\",\"@id\":\"https:\/\/akademiabadmintona.pl\/krakow\/o-nas\/#primaryimage\",\"url\":\"https:\/\/akademiabadmintona.pl\/krakow\/wp-content\/uploads\/sites\/2\/2021\/06\/KC8B2089.jpg\",\"contentUrl\":\"https:\/\/akademiabadmintona.pl\/krakow\/wp-content\/uploads\/sites\/2\/2021\/06\/KC8B2089.jpg\",\"width\":1152,\"height\":768},{\"@type\":\"BreadcrumbList\",\"@id\":\"https:\/\/akademiabadmintona.pl\/krakow\/o-nas\/#breadcrumb\",\"itemListElement\":[{\"@type\":\"ListItem\",\"position\":1,\"name\":\"Strona g\u0142\u00f3wna\",\"item\":\"https:\/\/akademiabadmintona.pl\/krakow\/\"},{\"@type\":\"ListItem\",\"position\":2,\"name\":\"Akademia badmintona\"}]},{\"@type\":\"WebSite\",\"@id\":\"https:\/\/akademiabadmintona.pl\/krakow\/#website\",\"url\":\"https:\/\/akademiabadmintona.pl\/krakow\/\",\"name\":\"Akademia krak\u00f3w\",\"description\":\"Kolejna witryna sieci &#8222;Akademia badmintona Witryn&#8221;\",\"potentialAction\":[{\"@type\":\"SearchAction\",\"target\":{\"@type\":\"EntryPoint\",\"urlTemplate\":\"https:\/\/akademiabadmintona.pl\/krakow\/?s={search_term_string}\"},\"query-input\":{\"@type\":\"PropertyValueSpecification\",\"valueRequired\":true,\"valueName\":\"search_term_string\"}}],\"inLanguage\":\"pl-PL\"}]}<\/script>\n<!-- \/ Yoast SEO plugin. -->","yoast_head_json":{"title":"Akademia badmintona - Akademia krak\u00f3w","robots":{"index":"index","follow":"follow","max-snippet":"max-snippet:-1","max-image-preview":"max-image-preview:large","max-video-preview":"max-video-preview:-1"},"canonical":"https:\/\/akademiabadmintona.pl\/krakow\/o-nas\/","og_locale":"pl_PL","og_type":"article","og_title":"Akademia badmintona - Akademia krak\u00f3w","og_description":"Akademia Badmintona Krak\u00f3w zosta\u0142a utworzona z pasji do badmintona przez Zbyszka Jasiulewicza i Tomasza Urbanika &#8211; zawodnik\u00f3w i trener\u00f3w. W [&hellip;]","og_url":"https:\/\/akademiabadmintona.pl\/krakow\/o-nas\/","og_site_name":"Akademia krak\u00f3w","article_modified_time":"2022-11-14T23:27:47+00:00","og_image":[{"width":1152,"height":768,"url":"https:\/\/akademiabadmintona.pl\/krakow\/wp-content\/uploads\/sites\/2\/2021\/06\/KC8B2089.jpg","type":"image\/jpeg"}],"twitter_card":"summary_large_image","twitter_misc":{"Szacowany czas czytania":"1 minuta"},"schema":{"@context":"https:\/\/schema.org","@graph":[{"@type":"WebPage","@id":"https:\/\/akademiabadmintona.pl\/krakow\/o-nas\/","url":"https:\/\/akademiabadmintona.pl\/krakow\/o-nas\/","name":"Akademia badmintona - Akademia krak\u00f3w","isPartOf":{"@id":"https:\/\/akademiabadmintona.pl\/krakow\/#website"},"primaryImageOfPage":{"@id":"https:\/\/akademiabadmintona.pl\/krakow\/o-nas\/#primaryimage"},"image":{"@id":"https:\/\/akademiabadmintona.pl\/krakow\/o-nas\/#primaryimage"},"thumbnailUrl":"https:\/\/akademiabadmintona.pl\/krakow\/wp-content\/uploads\/sites\/2\/2021\/06\/KC8B2089.jpg","datePublished":"2021-05-22T10:17:18+00:00","dateModified":"2022-11-14T23:27:47+00:00","breadcrumb":{"@id":"https:\/\/akademiabadmintona.pl\/krakow\/o-nas\/#breadcrumb"},"inLanguage":"pl-PL","potentialAction":[{"@type":"ReadAction","target":["https:\/\/akademiabadmintona.pl\/krakow\/o-nas\/"]}]},{"@type":"ImageObject","inLanguage":"pl-PL","@id":"https:\/\/akademiabadmintona.pl\/krakow\/o-nas\/#primaryimage","url":"https:\/\/akademiabadmintona.pl\/krakow\/wp-content\/uploads\/sites\/2\/2021\/06\/KC8B2089.jpg","contentUrl":"https:\/\/akademiabadmintona.pl\/krakow\/wp-content\/uploads\/sites\/2\/2021\/06\/KC8B2089.jpg","width":1152,"height":768},{"@type":"BreadcrumbList","@id":"https:\/\/akademiabadmintona.pl\/krakow\/o-nas\/#breadcrumb","itemListElement":[{"@type":"ListItem","position":1,"name":"Strona g\u0142\u00f3wna","item":"https:\/\/akademiabadmintona.pl\/krakow\/"},{"@type":"ListItem","position":2,"name":"Akademia badmintona"}]},{"@type":"WebSite","@id":"https:\/\/akademiabadmintona.pl\/krakow\/#website","url":"https:\/\/akademiabadmintona.pl\/krakow\/","name":"Akademia krak\u00f3w","description":"Kolejna witryna sieci &#8222;Akademia badmintona Witryn&#8221;","potentialAction":[{"@type":"SearchAction","target":{"@type":"EntryPoint","urlTemplate":"https:\/\/akademiabadmintona.pl\/krakow\/?s={search_term_string}"},"query-input":{"@type":"PropertyValueSpecification","valueRequired":true,"valueName":"search_term_string"}}],"inLanguage":"pl-PL"}]}},"_links":{"self":[{"href":"https:\/\/akademiabadmintona.pl\/krakow\/wp-json\/wp\/v2\/pages\/11","targetHints":{"allow":["GET"]}}],"collection":[{"href":"https:\/\/akademiabadmintona.pl\/krakow\/wp-json\/wp\/v2\/pages"}],"about":[{"href":"https:\/\/akademiabadmintona.pl\/krakow\/wp-json\/wp\/v2\/types\/page"}],"author":[{"embeddable":true,"href":"https:\/\/akademiabadmintona.pl\/krakow\/wp-json\/wp\/v2\/users\/1"}],"replies":[{"embeddable":true,"href":"https:\/\/akademiabadmintona.pl\/krakow\/wp-json\/wp\/v2\/comments?post=11"}],"version-history":[{"count":18,"href":"https:\/\/akademiabadmintona.pl\/krakow\/wp-json\/wp\/v2\/pages\/11\/revisions"}],"predecessor-version":[{"id":2055,"href":"https:\/\/akademiabadmintona.pl\/krakow\/wp-json\/wp\/v2\/pages\/11\/revisions\/2055"}],"wp:featuredmedia":[{"embeddable":true,"href":"https:\/\/akademiabadmintona.pl\/krakow\/wp-json\/wp\/v2\/media\/440"}],"wp:attachment":[{"href":"https:\/\/akademiabadmintona.pl\/krakow\/wp-json\/wp\/v2\/media?parent=11"}],"curies":[{"name":"wp","href":"https:\/\/api.w.org\/{rel}","templated":true}]}}