{"id":165,"date":"2021-05-25T19:30:19","date_gmt":"2021-05-25T17:30:19","guid":{"rendered":"http:\/\/localhost\/akademia\/krakow\/?page_id=165"},"modified":"2025-08-27T14:37:11","modified_gmt":"2025-08-27T12:37:11","slug":"cennik","status":"publish","type":"page","link":"https:\/\/akademiabadmintona.pl\/krakow\/cennik\/","title":{"rendered":"Cennik"},"content":{"rendered":"<p style=\"text-align: center\">Nowy grafik i cennik na 2025\/26<\/p>\n<p style=\"text-align: center\"><strong>Zaj\u0119cia dzieci w FameSport Club karnet 4 zaj\u0119\u0107 200z\u0142, 8 trening\u00f3w 380, 12 trening\u00f3w 450z\u0142,\u00a0 jednorazowe zaj\u0119cia 60z\u0142.<br \/>\nZaj\u0119cia dzieci w szkole podstawowej 134, karnet 4 zaj\u0119\u0107 120z\u0142<\/strong><\/p>\n<p>Op\u0142ata karnetowa wnoszona jest z g\u00f3ry za miesi\u0105c, p\u0142acona do 10 ka\u017cdego miesi\u0105ca.<\/p>\n<p><strong>Uczniowski Klub Sportowy AB Krakow<\/strong><\/p>\n<p>Mbank 51 1140 2004 0000 3402 7753 8074<\/p>\n<p>Koszt abonamentu zawiera 4 zaj\u0119cia w miesi\u0105cu*, w przypadku mniejszej lub wi\u0119kszej liczby zaj\u0119\u0107 w miesi\u0105cu koszt abonamentu zostaje proporcjonalnie zmniejszony lub zwi\u0119kszony. Na zaj\u0119cia wystarczy wzi\u0105\u0107 buty i str\u00f3j na zmian\u0119. Zapewniamy bezp\u0142atnie niezb\u0119dny sprz\u0119t do treningu &#8211; lotki i rakiety!<\/p>\n<p>Treningi mo\u017cna rozpocz\u0105\u0107 w dowolnym dniu miesi\u0105ca.<\/p>\n<p>Je\u017celi potrzebujesz pomocy w doborze najbardziej odpowiednich zaj\u0119\u0107 dla Ciebie wy\u015blij do nas maila na abkrak@wp.pl lub zadzwo\u0144 +48 506 121 584 lub 694 133 622.<\/p>\n<p>&nbsp;<\/p>\n<p>REGULAMIN AKADEMII BADMINTONA KRAK\u00d3W<br \/>\nNiniejszy regulamin uczestnictwa w zaj\u0119ciach badmintona okre\u015bla<br \/>\nwarunki \u015bwiadczenia us\u0142ug \u015bwiadczonych przez:<br \/>\nTomasz Urbanik Akademia Badmintona Krak\u00f3w, ul. \u017beromskiego 22\/34, 38-300<br \/>\nGorlice, NIP: 738-204-30-11 REGON: 367257157 (zaj\u0119cia dla doros\u0142ych) zwan\u0105 dalej<br \/>\nSzko\u0142\u0105,<br \/>\noraz Uczniowski Klub Sportowy AB Krak\u00f3w os. Akademickie 6\/29, 31-866 Krak\u00f3w, NIP<br \/>\n675-163-15-95 regon 369022547 (zaj\u0119cia dla dzieci) zwan\u0105 dalej Klubem,<br \/>\nna rzecz Uczestnik\u00f3w i zawarcia umowy mi\u0119dzy Szko\u0142\u0105\/Klubem i Uczestnikami.<br \/>\n1.POSTANOWIENIA OG\u00d3LNE<br \/>\n1.1. Organizatorem jest Akademia Badmintona Krak\u00f3w, ul. \u017beromskiego 22\/34,<br \/>\n38-300 Gorlice, NIP: 738-204-30-11 REGON: 367257157 , oraz Uczniowski Klub<br \/>\nSportowy AB Krak\u00f3w os. Akademickie 6\/29, 31-866 Krak\u00f3w, NIP 675-163-15-95<br \/>\nREGON 369022547<br \/>\n1.2. Celem zaj\u0119\u0107 jest popularyzacja aktywno\u015bci fizycznej, promocja badmintona, a<br \/>\ntak\u017ce promowanie aktywnego sp\u0119dzania czasu wolnego.<br \/>\n1.3. Zapis poprzez stron\u0119\/aplikacj\u0119: activenow, social media,telefon oznacza<br \/>\nakceptacj\u0119 niniejszego regulaminu.<br \/>\n2 UCZESTNICTWO W ZAJ\u0118CIACH<br \/>\n2.1 Zapisanie si\u0119 na zaj\u0119cia organizowane przez Szko\u0142\u0119\/Klub jest jednoznaczne z<br \/>\nakceptacj\u0105 regulaminu Szko\u0142y\/Klubu oraz wyra\u017ceniem zgody na przetwarzanie przez<br \/>\nSzko\u0142\u0119\/Klub danych osobowych w celach informacyjnych i marketingowych zgodnie z<br \/>\nart. 13 rozporz\u0105dzenia rozporz\u0105dzenie parlamentu europejskiego i rady<br \/>\n(UE)2016\/679 z dnia 27 kwietnia 2016 r. (dalej RODO), informujemy, i\u017c:<br \/>\n2.2 Nie zapoznanie si\u0119 z regulaminem nie zwalnia klient\u00f3w Szko\u0142y\/Klubu z obowi\u0105zku<br \/>\njego stosowania.<br \/>\n2.3 Szko\u0142a\/Klub zastrzega sobie prawo do zmiany poni\u017cszego regulaminu w<br \/>\ndowolnym terminie.<br \/>\n2.4 Informacja o zmianie regulaminu b\u0119dzie podana na stronie<br \/>\nwww.akademiabadminotna.pl\/krakow , w aplikacji activenow<br \/>\n2.5 W zaj\u0119ciach mog\u0105 bra\u0107 udzia\u0142 osoby pe\u0142noletnie. Niepe\u0142noletnie- (rodzic\/opiekun<br \/>\nprawny) wyra\u017ca zgod\u0119 poprzez zapisanie niepe\u0142noletniego na zaj\u0119cia.<br \/>\n2.6 Do uczestnictwa w zaj\u0119ciach Szko\u0142y\/Klubu upowa\u017cnia zapis na wybrane na zaj\u0119cia<br \/>\nz podpisaniem umowy.<br \/>\n2.7 Umowa podpisywana jest na czas okre\u015blony. Zaj\u0119cia realizowane b\u0119d\u0105 w roku<br \/>\nszkolnym od wrze\u015bnia 2024 do czerwca 2025 zgodnie z harmonogramem zaj\u0119\u0107,<br \/>\nwy\u0142\u0105czaj\u0105c dni, w kt\u00f3rych wypadaj\u0105: niepracuj\u0105ce \u015bwi\u0119ta pa\u0144stwowe i ko\u015bcielne,<br \/>\nokres pomi\u0119dzy Wigili\u0105 Bo\u017cego Narodzenia a Nowym Rokiem, przerwa \u015awi\u0105t<br \/>\nWielkanocnych, ferie zimowe, d\u0142ugie weekendy.<br \/>\n2.8 Umowa mo\u017ce by\u0107 rozwi\u0105zana bez okresu wypowiedzenie w pierwszym miesi\u0105cu<br \/>\nobowi\u0105zywania i z zachowaniem miesi\u0119cznego okresu wypowiedzenia, liczonego na<br \/>\nkoniec miesi\u0105ca kalendarzowego po up\u0142ywie pierwszego miesi\u0105ca. Rozwi\u0105zanie<br \/>\nnast\u0119puje w formie pisemnej pod rygorem niewa\u017cno\u015bci.<br \/>\n2.9 Klient zg\u0142asza ch\u0119\u0107 uczestnictwa w zaj\u0119ciach przez-aplikacj\u0119 activenow, telefon<br \/>\n694133622- doro\u015bli, 506121584- dzieci, lub mail: abkrak@wp.pl<br \/>\n2.10 P\u0142atno\u015b\u0107 za zaj\u0119cia dokonywana jest got\u00f3wk\u0105, przelewem lub p\u0142atno\u015bci\u0105 online,<br \/>\ntpay.<br \/>\n\uf0b7 Nr konta dla p\u0142atno\u015bci przelewem dla dzieci:<br \/>\nUczniowski Klub Sportowy AB Krak\u00f3w 51 1140 2004 0000 3402 7753 8074<br \/>\n\uf0b7 Nr konta dla p\u0142atno\u015bci przelewem dla doros\u0142ych:<br \/>\nAkademia Badmintona Krak\u00f3w 72 1140 2004 0000 3802 7797 9432<br \/>\n2.11 P\u0142atno\u015b\u0107 dokonywana jest za miesi\u0105c z g\u00f3ry do 10 \u2013 tego ka\u017cdego miesi\u0105ca.<br \/>\nWysoko\u015b\u0107 sk\u0142adki miesi\u0119cznej jest zale\u017cna od ilo\u015bci zdeklarowanych dni<br \/>\ntreningowych w danym miesi\u0105cu i obliczana proporcjonalnie.<br \/>\nNieobecno\u015bci zg\u0142oszone z 24h wyprzedzeniem, mo\u017cna odrobi\u0107 w inny dzie\u0144 w<br \/>\ndowolnej lokalizacji, po uprzednim zg\u0142oszeniu trenerowi. Termin do odrobienia zaj\u0119\u0107<br \/>\nwyznaczony jest najp\u00f3\u017aniej do ostatniego dnia nast\u0119pnego miesi\u0105ca. Zawodnikowi<br \/>\nnie przys\u0142uguj\u0119 prawo zwrotu za niewykorzystane treningi.<br \/>\nW przypadku d\u0142u\u017cszej absencji, spowodowanej np. chorob\u0105 i braku mo\u017cliwo\u015bci<br \/>\nodrobienia zaj\u0119\u0107- istnieje mo\u017cliwo\u015b\u0107 pomniejszenia kwoty karnetu w przysz\u0142ym<br \/>\nmiesi\u0105cu o kwot\u0119 niewykorzystan\u0105- sytuacje indywidualnie rozpatrywane przez<br \/>\ntrenera\/w\u0142a\u015bciciela Klubu\/ Szko\u0142y.<br \/>\n2.12 W przypadku ma\u0142ej ilo\u015bci uczestnik\u00f3w, Szko\u0142a\/Klub ma prawo rozwi\u0105za\u0107 grup\u0119.<br \/>\nW takim przypadku Szko\u0142a\/Klub proponuje udzia\u0142 w zaj\u0119ciach innej grupy.<br \/>\n2.13 W sytuacjach losowych Szko\u0142a\/Klub ma prawo do odwo\u0142ania zaj\u0119\u0107. Zostan\u0105 one<br \/>\nzrealizowane w innym terminie.<br \/>\n3.CENNIK<br \/>\n3.1 Obowi\u0105zuj\u0105ce ceny za poszczeg\u00f3lne grupy dost\u0119pne s\u0105 w aplikacji activenow\/<br \/>\nstronie www.akademiabadmintona.pl\/krakow<br \/>\n3.2 Szko\u0142a\/Klub zastrzega sobie prawo do zmiany cennika i zobowi\u0105zuje si\u0119 umie\u015bci\u0107<br \/>\ninformacje o planowanej zmianie, z minimum dwutygodniowym wyprzedzeniem na<br \/>\naplikacji activenow\/ stronie www.akademiabadmintona.pl\/krakow<br \/>\n4.BEZPIECZE\u0143STWO<br \/>\n4.1 Osoby bior\u0105ce udzia\u0142 w zaj\u0119ciach organizowanych przez Szko\u0142\u0119\/Klub (wszystkie<br \/>\nzaj\u0119cia z oferty) robi\u0105 to na w\u0142asn\u0105 odpowiedzialno\u015b\u0107. Szko\u0142a\/Klub nie ponosi<br \/>\nodpowiedzialno\u015bci za nieszcz\u0119\u015bliwe wypadki, urazy czy kontuzje powsta\u0142e podczas<br \/>\nzaj\u0119\u0107.<br \/>\n4.2 Ka\u017cdy uczestnik powinien we w\u0142asnym zakresie skontrolowa\u0107 stan zdrowia oraz<br \/>\ndowiedzie\u0107 si\u0119 o ewentualnych przeciwwskazaniach do uczestnictwa w zaj\u0119ciach<br \/>\noferowanych przez Szko\u0142\u0119\/Klub.<br \/>\n4.3 Szko\u0142a\/Klub nie ponosi odpowiedzialno\u015bci za warto\u015bciowe przedmioty<br \/>\npozostawione przez klient\u00f3w podczas zaj\u0119\u0107. Wskazane jest zabranie cennych<br \/>\nprzedmiot\u00f3w ze sob\u0105 na hal\u0119.<br \/>\n5.Warunki zawierania i rozwi\u0105zywania um\u00f3w o \u015bwiadczenie us\u0142ug drog\u0105<br \/>\nelektroniczn\u0105<br \/>\n6.1.Podpisanie umowy zachodzi poprzez zaakceptowanie regulaminu w formularzu<br \/>\nzapis\u00f3w.<br \/>\n6.2.Po zapoznaniu si\u0119 z Regulaminem i jego akceptacji przez Uczestnika (lub<br \/>\nprzedstawiciela ustawowego Uczestnika) zostanie zawarta umowa cywilnoprawna<br \/>\npomi\u0119dzy Szko\u0142\u0105\/Klubem, reguluj\u0105ca wzajemnie zobowi\u0105zania Stron. W sprawach<br \/>\nnieuregulowanych w Regulaminie, stosowane b\u0119d\u0105 odpowiednie przepisy Kodeksu<br \/>\ncywilnego.<br \/>\n7.REZYGNACJA \u2013 odst\u0105pienie od umowy<br \/>\n7.1.Rezygnacja z zaj\u0119\u0107 mo\u017ce nast\u0105pi\u0107 w formie pisemnej lub drog\u0105 e-mailow\u0105.<br \/>\n7.2 W pierwszym miesi\u0105cu trwania umowy wypowiedzenie nast\u0119puje ze skutkiem<br \/>\nnatychmiastowym. W kolejnym miesi\u0105cu obowi\u0105zywania umowy wypowiedzenie<br \/>\nz zachowaniem miesi\u0119cznego okresu wypowiedzenia liczonego na koniec miesi\u0105ca<br \/>\nkalendarzowego. W nag\u0142ych sytuacjach (np. kontuzja) rozpatrywane b\u0119d\u0105<br \/>\nodst\u0105pienia od umowy bez okresu wypowiedzenia.<br \/>\n8.WARUNKI \u015aWIADCZENIA US\u0141UG DROG\u0104 ELEKTRONICZN\u0104<br \/>\n8.1. W celu prawid\u0142owego korzystania ze Strony i innych oferowanych przez<br \/>\nUs\u0142ugodawc\u0119 us\u0142ug konieczne jest spe\u0142nienie nast\u0119puj\u0105cych warunk\u00f3w technicznych:<br \/>\n\u25cf posiadanie dost\u0119pu do sieci Internet;<br \/>\n\u25cf posiadanie przegl\u0105darki internetowej umo\u017cliwiaj\u0105cej korzystanie z panelu<br \/>\nrezerwacji;<br \/>\n\u25cf posiadanie aktywnego konta e-mail.<br \/>\n8.2. Us\u0142ugodawca nie gwarantuje niezak\u0142\u00f3conego i wolnego od b\u0142\u0119d\u00f3w dost\u0119pu do<br \/>\nStrony. W szczeg\u00f3lno\u015bci dost\u0119p do Strony mo\u017ce zosta\u0107 ograniczony w zwi\u0105zku z<br \/>\nkonieczno\u015bci\u0105 przeprowadzenia jej napraw, konserwacji oraz nowych rozwi\u0105za\u0144.<br \/>\n9.Warunki zawierania i rozwi\u0105zywania um\u00f3w o \u015bwiadczenie us\u0142ug drog\u0105<br \/>\nelektroniczn\u0105.<br \/>\nPo zapoznaniu si\u0119 z Regulaminem i jego akceptacji przez Uczestnika (lub<br \/>\nprzedstawiciela ustawowego Uczestnika) zostanie zawarta umowa cywilnoprawna ze<br \/>\nSzko\u0142\u0105\/Klubem reguluj\u0105ca wzajemnie zobowi\u0105zania Stron. W sprawach<br \/>\nnieuregulowanych w Regulaminie, stosowane b\u0119d\u0105 odpowiednie przepisy Kodeksu<br \/>\ncywilnego.<br \/>\n10.TRYB POST\u0118POWANIA REKLAMACYJNEGO<br \/>\n10.1. Nabywca ma prawo do sk\u0142adania reklamacji zgodnie z w\u0142a\u015bciwymi przepisami<br \/>\nKodeksu cywilnego.<br \/>\n10.2. Reklamacje nale\u017cy sk\u0142ada\u0107 Szkole\/Klubie pisemnie lub osobi\u015bcie, telefonicznie<br \/>\nlub za po\u015brednictwem poczty elektronicznej, na adres Szko\u0142y\/Klubu podany w<br \/>\nUmowie. Wszelkie kwestie sporne ostatecznie b\u0119d\u0105 rozpatrywane przez w\u0142a\u015bciciela.<br \/>\nSzko\u0142a\/Klub rozpatrzy reklamacj\u0119 i zawiadomi Nabywc\u0119 o sposobie jej za\u0142atwienia nie<br \/>\np\u00f3\u017aniej ni\u017c w terminie 14 dni od daty jej otrzymania. Odpowied\u017a na reklamacj\u0119<br \/>\nSzko\u0142a\/Klub przeka\u017ce na papierze lub innym trwa\u0142ym no\u015bniku.<br \/>\n11.POZOSTA\u0141E POSTANOWIENIA<br \/>\n11.1. Na terenie Szko\u0142y\/Klubu nale\u017cy zachowa\u0107 czysto\u015b\u0107 i kultur\u0119 osobist\u0105.<br \/>\n11.2 . Obowi\u0105zuje zakaz wchodzenia do Szko\u0142y\/Klubu pod wp\u0142ywem alkoholu lub<br \/>\n\u015brodk\u00f3w odurzaj\u0105cych. Osoby b\u0119d\u0105ce pod wp\u0142ywem alkoholu lub innych \u015brodk\u00f3w<br \/>\nodurzaj\u0105cych, kt\u00f3re wesz\u0142y na teren objektu sportowego, nie maj\u0105 prawa<br \/>\nuczestniczy\u0107 w wykupionych zaj\u0119ciach i b\u0119d\u0105 poproszone o opuszczenie<br \/>\nSzko\u0142y\/Klubu. W takim wypadku op\u0142ata za zaj\u0119cia nie b\u0119dzie zwracana.<br \/>\n12.POLITYKA PRYWATNO\u015aCI<br \/>\nKlauzula informacyjna \u201eRODO\u201d<br \/>\nZgodnie z art. 13 ust. 1-2 Rozporz\u0105dzenia Parlamentu Europejskiego i Rady<br \/>\n(UE)2016\/679 z dnia 27 kwietnia 2016 r. w sprawie ochrony os\u00f3b fizycznych w<br \/>\nzwi\u0105zku z przetwarzaniem danych osobowych i w sprawie swobodnego przep\u0142ywu<br \/>\ntakich danych oraz uchylenia dyrektyw 95\/46\/WE (og\u00f3lne rozporz\u0105dzenie o ochronie<br \/>\ndanych, dalej ,,RODO\u201d) informujemy,<br \/>\n\u017ce:<br \/>\nAdministratorem Pani\/Pana danych osobowych jest: Akademia Badmintona Krak\u00f3w,<br \/>\nul. \u017beromskiego 22\/34, 38-300 Gorlice, NIP: 738-204-30-11 REGON: 367257157, tel.<br \/>\n694133622, mail: abkrak@wp.pl, oraz Uczniowski Klub Sportowy AB Krak\u00f3w os.<br \/>\nAkademickie 6\/29, 31-866 Krak\u00f3w, NIP 675-163-15-95 REGON 369022547, tel<br \/>\n506121584 e- mail: abkrak@wp.pl<br \/>\n1. W sprawach zwi\u0105zanych z przetwarzaniem danych osobowych, mo\u017cna<br \/>\nkontaktowa\u0107 si\u0119, za po\u015brednictwem adresu e-mail: abkrak@wp.pl<br \/>\n2. Dane osobowe pozyskane w zwi\u0105zku z zawarciem z Pani\u0105\/Panem umowy b\u0119d\u0105<br \/>\nprzetwarzane w celach zwi\u0105zanych z realizacj\u0105 podpisanej z Pani\u0105\/Panem umowy<br \/>\noraz zwi\u0105zanych z dochodzeniem ewentualnych roszcze\u0144, odszkodowa\u0144, jak r\u00f3wnie\u017c<br \/>\nw celu archiwizacji.<br \/>\nPodstaw\u0105 prawn\u0105 przetwarzania Pani\/Pana danych jest:<br \/>\n1. niezb\u0119dno\u015b\u0107 do wykonania umowy,<br \/>\n2. konieczno\u015b\u0107 wype\u0142nienia obowi\u0105zku prawnego ci\u0105\u017c\u0105cego na administratorze,<br \/>\n3. niezb\u0119dno\u015b\u0107 do cel\u00f3w wynikaj\u0105cych z prawnie uzasadnionych interes\u00f3w<br \/>\nrealizowanych przez administratora. Podanie danych osobowych jest dobrowolne, ale<br \/>\nniezb\u0119dne do zawarcia i realizacji umowy.<br \/>\nPozyskane od Pani\/Pana dane osobowe mog\u0105 by\u0107 przekazywane:<br \/>\n1. podmiotom przetwarzaj\u0105cym je na nasze zlecenie, przy czym podmioty te dzia\u0142aj\u0105<br \/>\nw naszym imieniu na podstawie stosownych um\u00f3w powierzenia przetwarzania<br \/>\ndanych osobowych.<br \/>\n2. Pani\/Pana dane nie b\u0119d\u0105 przekazane do pa\u0144stw trzecich.<br \/>\n3. Okres przetwarzania Pani\/Pana danych osobowych jest uzale\u017cniony od celu w<br \/>\njakim dane s\u0105 przetwarzane.<br \/>\nOkres, przez kt\u00f3ry Pani\/Pana dane osobowe b\u0119d\u0105 przechowywane jest obliczany w<br \/>\noparciu o nast\u0119puj\u0105ce kryteria:<br \/>\n1) czasu obowi\u0105zywania umowy,<br \/>\n2) przepisy prawa, kt\u00f3re mog\u0105 nas obligowa\u0107 do przetwarzania danych przez<br \/>\nokre\u015blony czas,<br \/>\n3) okres, kt\u00f3ry jest niezb\u0119dny do obrony naszych interes\u00f3w.<br \/>\nOsobie, kt\u00f3rej dotycz\u0105 dane osobowe, przys\u0142uguje:<br \/>\n1) prawo dost\u0119pu do danych, ich sprostowania, usuni\u0119cia lub ograniczenia<br \/>\nprzetwarzania, na warunkach okre\u015blonych w rozporz\u0105dzenia Parlamentu<br \/>\nEuropejskiego i Rady (UE) 2016\/679 z dnia 27 kwietnia 2016 r. w sprawie ochrony<br \/>\nos\u00f3b fizycznych w zwi\u0105zku z przetwarzaniem danych osobowych i w sprawie<br \/>\nswobodnego przep\u0142ywu takich danych oraz uchylenia dyrektywy 95\/46\/WE;<br \/>\n2) prawo wniesienia skargi do Prezesa Urz\u0119du Ochrony Danych Osobowych. Podanie<br \/>\ndanych osobowych jest dobrowolne, ale konieczne do podpisania umowy \u2013bez<br \/>\npodania danych osobowych nie jest mo\u017cliwe zawarcie umowy.<\/p>\n","protected":false},"excerpt":{"rendered":"<p>Nowy grafik i cennik na 2025\/26 Zaj\u0119cia dzieci w FameSport Club karnet 4 zaj\u0119\u0107 200z\u0142, 8 trening\u00f3w 380, 12 trening\u00f3w [&hellip;]<\/p>\n","protected":false},"author":1,"featured_media":0,"parent":0,"menu_order":0,"comment_status":"closed","ping_status":"closed","template":"pricing.php","meta":{"_acf_changed":false,"footnotes":""},"class_list":["post-165","page","type-page","status-publish","hentry"],"acf":[],"yoast_head":"<!-- This site is optimized with the Yoast SEO plugin v25.5 - https:\/\/yoast.com\/wordpress\/plugins\/seo\/ -->\n<title>Cennik - Akademia krak\u00f3w<\/title>\n<meta name=\"robots\" content=\"index, follow, max-snippet:-1, max-image-preview:large, max-video-preview:-1\" \/>\n<link rel=\"canonical\" href=\"https:\/\/akademiabadmintona.pl\/krakow\/cennik\/\" \/>\n<meta property=\"og:locale\" content=\"pl_PL\" \/>\n<meta property=\"og:type\" content=\"article\" \/>\n<meta property=\"og:title\" content=\"Cennik - Akademia krak\u00f3w\" \/>\n<meta property=\"og:description\" content=\"Nowy grafik i cennik na 2025\/26 Zaj\u0119cia dzieci w FameSport Club karnet 4 zaj\u0119\u0107 200z\u0142, 8 trening\u00f3w 380, 12 trening\u00f3w [&hellip;]\" \/>\n<meta property=\"og:url\" content=\"https:\/\/akademiabadmintona.pl\/krakow\/cennik\/\" \/>\n<meta property=\"og:site_name\" content=\"Akademia krak\u00f3w\" \/>\n<meta property=\"article:modified_time\" content=\"2025-08-27T12:37:11+00:00\" \/>\n<meta name=\"twitter:card\" content=\"summary_large_image\" \/>\n<meta name=\"twitter:label1\" content=\"Szacowany czas czytania\" \/>\n\t<meta name=\"twitter:data1\" content=\"10 minut\" \/>\n<script type=\"application\/ld+json\" class=\"yoast-schema-graph\">{\"@context\":\"https:\/\/schema.org\",\"@graph\":[{\"@type\":\"WebPage\",\"@id\":\"https:\/\/akademiabadmintona.pl\/krakow\/cennik\/\",\"url\":\"https:\/\/akademiabadmintona.pl\/krakow\/cennik\/\",\"name\":\"Cennik - Akademia krak\u00f3w\",\"isPartOf\":{\"@id\":\"https:\/\/akademiabadmintona.pl\/krakow\/#website\"},\"datePublished\":\"2021-05-25T17:30:19+00:00\",\"dateModified\":\"2025-08-27T12:37:11+00:00\",\"breadcrumb\":{\"@id\":\"https:\/\/akademiabadmintona.pl\/krakow\/cennik\/#breadcrumb\"},\"inLanguage\":\"pl-PL\",\"potentialAction\":[{\"@type\":\"ReadAction\",\"target\":[\"https:\/\/akademiabadmintona.pl\/krakow\/cennik\/\"]}]},{\"@type\":\"BreadcrumbList\",\"@id\":\"https:\/\/akademiabadmintona.pl\/krakow\/cennik\/#breadcrumb\",\"itemListElement\":[{\"@type\":\"ListItem\",\"position\":1,\"name\":\"Strona g\u0142\u00f3wna\",\"item\":\"https:\/\/akademiabadmintona.pl\/krakow\/\"},{\"@type\":\"ListItem\",\"position\":2,\"name\":\"Cennik\"}]},{\"@type\":\"WebSite\",\"@id\":\"https:\/\/akademiabadmintona.pl\/krakow\/#website\",\"url\":\"https:\/\/akademiabadmintona.pl\/krakow\/\",\"name\":\"Akademia krak\u00f3w\",\"description\":\"Kolejna witryna sieci &#8222;Akademia badmintona Witryn&#8221;\",\"potentialAction\":[{\"@type\":\"SearchAction\",\"target\":{\"@type\":\"EntryPoint\",\"urlTemplate\":\"https:\/\/akademiabadmintona.pl\/krakow\/?s={search_term_string}\"},\"query-input\":{\"@type\":\"PropertyValueSpecification\",\"valueRequired\":true,\"valueName\":\"search_term_string\"}}],\"inLanguage\":\"pl-PL\"}]}<\/script>\n<!-- \/ Yoast SEO plugin. -->","yoast_head_json":{"title":"Cennik - Akademia krak\u00f3w","robots":{"index":"index","follow":"follow","max-snippet":"max-snippet:-1","max-image-preview":"max-image-preview:large","max-video-preview":"max-video-preview:-1"},"canonical":"https:\/\/akademiabadmintona.pl\/krakow\/cennik\/","og_locale":"pl_PL","og_type":"article","og_title":"Cennik - Akademia krak\u00f3w","og_description":"Nowy grafik i cennik na 2025\/26 Zaj\u0119cia dzieci w FameSport Club karnet 4 zaj\u0119\u0107 200z\u0142, 8 trening\u00f3w 380, 12 trening\u00f3w [&hellip;]","og_url":"https:\/\/akademiabadmintona.pl\/krakow\/cennik\/","og_site_name":"Akademia krak\u00f3w","article_modified_time":"2025-08-27T12:37:11+00:00","twitter_card":"summary_large_image","twitter_misc":{"Szacowany czas czytania":"10 minut"},"schema":{"@context":"https:\/\/schema.org","@graph":[{"@type":"WebPage","@id":"https:\/\/akademiabadmintona.pl\/krakow\/cennik\/","url":"https:\/\/akademiabadmintona.pl\/krakow\/cennik\/","name":"Cennik - Akademia krak\u00f3w","isPartOf":{"@id":"https:\/\/akademiabadmintona.pl\/krakow\/#website"},"datePublished":"2021-05-25T17:30:19+00:00","dateModified":"2025-08-27T12:37:11+00:00","breadcrumb":{"@id":"https:\/\/akademiabadmintona.pl\/krakow\/cennik\/#breadcrumb"},"inLanguage":"pl-PL","potentialAction":[{"@type":"ReadAction","target":["https:\/\/akademiabadmintona.pl\/krakow\/cennik\/"]}]},{"@type":"BreadcrumbList","@id":"https:\/\/akademiabadmintona.pl\/krakow\/cennik\/#breadcrumb","itemListElement":[{"@type":"ListItem","position":1,"name":"Strona g\u0142\u00f3wna","item":"https:\/\/akademiabadmintona.pl\/krakow\/"},{"@type":"ListItem","position":2,"name":"Cennik"}]},{"@type":"WebSite","@id":"https:\/\/akademiabadmintona.pl\/krakow\/#website","url":"https:\/\/akademiabadmintona.pl\/krakow\/","name":"Akademia krak\u00f3w","description":"Kolejna witryna sieci &#8222;Akademia badmintona Witryn&#8221;","potentialAction":[{"@type":"SearchAction","target":{"@type":"EntryPoint","urlTemplate":"https:\/\/akademiabadmintona.pl\/krakow\/?s={search_term_string}"},"query-input":{"@type":"PropertyValueSpecification","valueRequired":true,"valueName":"search_term_string"}}],"inLanguage":"pl-PL"}]}},"_links":{"self":[{"href":"https:\/\/akademiabadmintona.pl\/krakow\/wp-json\/wp\/v2\/pages\/165","targetHints":{"allow":["GET"]}}],"collection":[{"href":"https:\/\/akademiabadmintona.pl\/krakow\/wp-json\/wp\/v2\/pages"}],"about":[{"href":"https:\/\/akademiabadmintona.pl\/krakow\/wp-json\/wp\/v2\/types\/page"}],"author":[{"embeddable":true,"href":"https:\/\/akademiabadmintona.pl\/krakow\/wp-json\/wp\/v2\/users\/1"}],"replies":[{"embeddable":true,"href":"https:\/\/akademiabadmintona.pl\/krakow\/wp-json\/wp\/v2\/comments?post=165"}],"version-history":[{"count":33,"href":"https:\/\/akademiabadmintona.pl\/krakow\/wp-json\/wp\/v2\/pages\/165\/revisions"}],"predecessor-version":[{"id":3119,"href":"https:\/\/akademiabadmintona.pl\/krakow\/wp-json\/wp\/v2\/pages\/165\/revisions\/3119"}],"wp:attachment":[{"href":"https:\/\/akademiabadmintona.pl\/krakow\/wp-json\/wp\/v2\/media?parent=165"}],"curies":[{"name":"wp","href":"https:\/\/api.w.org\/{rel}","templated":true}]}}