{"id":1226,"date":"2023-08-16T18:14:35","date_gmt":"2023-08-16T16:14:35","guid":{"rendered":"https:\/\/akademiabadmintona.pl\/warszawa\/?page_id=1226"},"modified":"2025-08-31T12:01:07","modified_gmt":"2025-08-31T10:01:07","slug":"grafik-a","status":"publish","type":"page","link":"https:\/\/akademiabadmintona.pl\/warszawa\/grafik-a\/","title":{"rendered":"Grafik A Arena Ursyn\u00f3w, OSiR Polna 7a, Klub LAVO, Kahuna grupy (poniedzia\u0142ek, \u015broda, czwartek, pi\u0105tek, sobota godz 11.00)"},"content":{"rendered":"<p>Grafik A Formularz zapisu: Zaj\u0119cia: Arena Ursyn\u00f3w, OSiR Polna 7a, Klub LAVO, Kahuna grupy (poniedzia\u0142ek, \u015broda, czwartek, pi\u0105tek, sobota godz 11.00).<\/p>\n<div class=\"activenow-form-container activenow-form-67125-container\"><center><img decoding=\"async\" src=\"https:\/\/www.activenow.io\/assets\/ripple.gif\" width=\"100px\" \/><\/center><script async src='https:\/\/app.activenow.io\/external\/signup_form\/load_by_js?city_id=&#038;code=4m4kHCr6ZXfSYiwh&#038;instructor_id=&#038;proficiency_id=&#038;school_id=8420&#038;signup_form_id=67125&#038;venue_id=&#038;zz='><\/script><\/div>\n<p>KALENDARZ treningi: Arena Ursyn\u00f3w, OSiR Polna 7a, Klub LAVO, Kahuna grupy (poniedzia\u0142ek, \u015broda, czwartek, pi\u0105tek, sobota godz 11.00).<br \/>\n<iframe loading=\"lazy\" src=\"https:\/\/app.activenow.io\/external\/calendar\/8420?code=4m4kHCr6ZXfSYiwh\" width=\"100%\" height=\"500px\"><\/iframe><\/p>\n","protected":false},"excerpt":{"rendered":"<p>Grafik A Formularz zapisu: Zaj\u0119cia: Arena Ursyn\u00f3w, OSiR Polna 7a, Klub LAVO, Kahuna grupy (poniedzia\u0142ek, \u015broda, czwartek, pi\u0105tek, sobota godz [&hellip;]<\/p>\n","protected":false},"author":1,"featured_media":0,"parent":0,"menu_order":0,"comment_status":"closed","ping_status":"closed","template":"","meta":{"_acf_changed":false,"footnotes":""},"class_list":["post-1226","page","type-page","status-publish","hentry"],"acf":[],"yoast_head":"<!-- This site is optimized with the Yoast SEO plugin v25.5 - https:\/\/yoast.com\/wordpress\/plugins\/seo\/ -->\n<title>Grafik A Arena Ursyn\u00f3w, OSiR Polna 7a, Klub LAVO, Kahuna grupy (poniedzia\u0142ek, \u015broda, czwartek, pi\u0105tek, sobota godz 11.00) - Akademia badmintona | Warszawa %<\/title>\n<meta name=\"robots\" content=\"index, follow, max-snippet:-1, max-image-preview:large, max-video-preview:-1\" \/>\n<link rel=\"canonical\" href=\"https:\/\/akademiabadmintona.pl\/warszawa\/grafik-a\/\" \/>\n<meta property=\"og:locale\" content=\"pl_PL\" \/>\n<meta property=\"og:type\" content=\"article\" \/>\n<meta property=\"og:title\" content=\"Grafik A Arena Ursyn\u00f3w, OSiR Polna 7a, Klub LAVO, Kahuna grupy (poniedzia\u0142ek, \u015broda, czwartek, pi\u0105tek, sobota godz 11.00) - Akademia badmintona | Warszawa %\" \/>\n<meta property=\"og:description\" content=\"Grafik A Formularz zapisu: Zaj\u0119cia: Arena Ursyn\u00f3w, OSiR Polna 7a, Klub LAVO, Kahuna grupy (poniedzia\u0142ek, \u015broda, czwartek, pi\u0105tek, sobota godz [&hellip;]\" \/>\n<meta property=\"og:url\" content=\"https:\/\/akademiabadmintona.pl\/warszawa\/grafik-a\/\" \/>\n<meta property=\"og:site_name\" content=\"Akademia badmintona | Warszawa\" \/>\n<meta property=\"article:modified_time\" content=\"2025-08-31T10:01:07+00:00\" \/>\n<meta property=\"og:image\" content=\"https:\/\/www.activenow.io\/assets\/ripple.gif\" \/>\n<meta name=\"twitter:card\" content=\"summary_large_image\" \/>\n<meta name=\"twitter:label1\" content=\"Szacowany czas czytania\" \/>\n\t<meta name=\"twitter:data1\" content=\"1 minuta\" \/>\n<script type=\"application\/ld+json\" class=\"yoast-schema-graph\">{\"@context\":\"https:\/\/schema.org\",\"@graph\":[{\"@type\":\"WebPage\",\"@id\":\"https:\/\/akademiabadmintona.pl\/warszawa\/grafik-a\/\",\"url\":\"https:\/\/akademiabadmintona.pl\/warszawa\/grafik-a\/\",\"name\":\"Grafik A Arena Ursyn\u00f3w, OSiR Polna 7a, Klub LAVO, Kahuna grupy (poniedzia\u0142ek, \u015broda, czwartek, pi\u0105tek, sobota godz 11.00) - Akademia badmintona | Warszawa %\",\"isPartOf\":{\"@id\":\"https:\/\/akademiabadmintona.pl\/warszawa\/#website\"},\"primaryImageOfPage\":{\"@id\":\"https:\/\/akademiabadmintona.pl\/warszawa\/grafik-a\/#primaryimage\"},\"image\":{\"@id\":\"https:\/\/akademiabadmintona.pl\/warszawa\/grafik-a\/#primaryimage\"},\"thumbnailUrl\":\"https:\/\/www.activenow.io\/assets\/ripple.gif\",\"datePublished\":\"2023-08-16T16:14:35+00:00\",\"dateModified\":\"2025-08-31T10:01:07+00:00\",\"breadcrumb\":{\"@id\":\"https:\/\/akademiabadmintona.pl\/warszawa\/grafik-a\/#breadcrumb\"},\"inLanguage\":\"pl-PL\",\"potentialAction\":[{\"@type\":\"ReadAction\",\"target\":[\"https:\/\/akademiabadmintona.pl\/warszawa\/grafik-a\/\"]}]},{\"@type\":\"ImageObject\",\"inLanguage\":\"pl-PL\",\"@id\":\"https:\/\/akademiabadmintona.pl\/warszawa\/grafik-a\/#primaryimage\",\"url\":\"https:\/\/www.activenow.io\/assets\/ripple.gif\",\"contentUrl\":\"https:\/\/www.activenow.io\/assets\/ripple.gif\"},{\"@type\":\"BreadcrumbList\",\"@id\":\"https:\/\/akademiabadmintona.pl\/warszawa\/grafik-a\/#breadcrumb\",\"itemListElement\":[{\"@type\":\"ListItem\",\"position\":1,\"name\":\"Strona g\u0142\u00f3wna\",\"item\":\"https:\/\/akademiabadmintona.pl\/warszawa\/\"},{\"@type\":\"ListItem\",\"position\":2,\"name\":\"Grafik A Arena Ursyn\u00f3w, OSiR Polna 7a, Klub LAVO, Kahuna grupy (poniedzia\u0142ek, \u015broda, czwartek, pi\u0105tek, sobota godz 11.00)\"}]},{\"@type\":\"WebSite\",\"@id\":\"https:\/\/akademiabadmintona.pl\/warszawa\/#website\",\"url\":\"https:\/\/akademiabadmintona.pl\/warszawa\/\",\"name\":\"Akademia badmintona | Warszawa\",\"description\":\"Kolejna witryna sieci \u201eAkademia badmintona Witryn\u201d\",\"publisher\":{\"@id\":\"https:\/\/akademiabadmintona.pl\/warszawa\/#organization\"},\"potentialAction\":[{\"@type\":\"SearchAction\",\"target\":{\"@type\":\"EntryPoint\",\"urlTemplate\":\"https:\/\/akademiabadmintona.pl\/warszawa\/?s={search_term_string}\"},\"query-input\":{\"@type\":\"PropertyValueSpecification\",\"valueRequired\":true,\"valueName\":\"search_term_string\"}}],\"inLanguage\":\"pl-PL\"},{\"@type\":\"Organization\",\"@id\":\"https:\/\/akademiabadmintona.pl\/warszawa\/#organization\",\"name\":\"Akademia badmintona | Warszawa\",\"url\":\"https:\/\/akademiabadmintona.pl\/warszawa\/\",\"logo\":{\"@type\":\"ImageObject\",\"inLanguage\":\"pl-PL\",\"@id\":\"https:\/\/akademiabadmintona.pl\/warszawa\/#\/schema\/logo\/image\/\",\"url\":\"https:\/\/akademiabadmintona.pl\/warszawa\/wp-content\/uploads\/sites\/6\/2021\/06\/logo2a.png\",\"contentUrl\":\"https:\/\/akademiabadmintona.pl\/warszawa\/wp-content\/uploads\/sites\/6\/2021\/06\/logo2a.png\",\"width\":312,\"height\":171,\"caption\":\"Akademia badmintona | Warszawa\"},\"image\":{\"@id\":\"https:\/\/akademiabadmintona.pl\/warszawa\/#\/schema\/logo\/image\/\"}}]}<\/script>\n<!-- \/ Yoast SEO plugin. -->","yoast_head_json":{"title":"Grafik A Arena Ursyn\u00f3w, OSiR Polna 7a, Klub LAVO, Kahuna grupy (poniedzia\u0142ek, \u015broda, czwartek, pi\u0105tek, sobota godz 11.00) - Akademia badmintona | Warszawa %","robots":{"index":"index","follow":"follow","max-snippet":"max-snippet:-1","max-image-preview":"max-image-preview:large","max-video-preview":"max-video-preview:-1"},"canonical":"https:\/\/akademiabadmintona.pl\/warszawa\/grafik-a\/","og_locale":"pl_PL","og_type":"article","og_title":"Grafik A Arena Ursyn\u00f3w, OSiR Polna 7a, Klub LAVO, Kahuna grupy (poniedzia\u0142ek, \u015broda, czwartek, pi\u0105tek, sobota godz 11.00) - Akademia badmintona | Warszawa %","og_description":"Grafik A Formularz zapisu: Zaj\u0119cia: Arena Ursyn\u00f3w, OSiR Polna 7a, Klub LAVO, Kahuna grupy (poniedzia\u0142ek, \u015broda, czwartek, pi\u0105tek, sobota godz [&hellip;]","og_url":"https:\/\/akademiabadmintona.pl\/warszawa\/grafik-a\/","og_site_name":"Akademia badmintona | Warszawa","article_modified_time":"2025-08-31T10:01:07+00:00","og_image":[{"url":"https:\/\/www.activenow.io\/assets\/ripple.gif","type":"","width":"","height":""}],"twitter_card":"summary_large_image","twitter_misc":{"Szacowany czas czytania":"1 minuta"},"schema":{"@context":"https:\/\/schema.org","@graph":[{"@type":"WebPage","@id":"https:\/\/akademiabadmintona.pl\/warszawa\/grafik-a\/","url":"https:\/\/akademiabadmintona.pl\/warszawa\/grafik-a\/","name":"Grafik A Arena Ursyn\u00f3w, OSiR Polna 7a, Klub LAVO, Kahuna grupy (poniedzia\u0142ek, \u015broda, czwartek, pi\u0105tek, sobota godz 11.00) - Akademia badmintona | Warszawa %","isPartOf":{"@id":"https:\/\/akademiabadmintona.pl\/warszawa\/#website"},"primaryImageOfPage":{"@id":"https:\/\/akademiabadmintona.pl\/warszawa\/grafik-a\/#primaryimage"},"image":{"@id":"https:\/\/akademiabadmintona.pl\/warszawa\/grafik-a\/#primaryimage"},"thumbnailUrl":"https:\/\/www.activenow.io\/assets\/ripple.gif","datePublished":"2023-08-16T16:14:35+00:00","dateModified":"2025-08-31T10:01:07+00:00","breadcrumb":{"@id":"https:\/\/akademiabadmintona.pl\/warszawa\/grafik-a\/#breadcrumb"},"inLanguage":"pl-PL","potentialAction":[{"@type":"ReadAction","target":["https:\/\/akademiabadmintona.pl\/warszawa\/grafik-a\/"]}]},{"@type":"ImageObject","inLanguage":"pl-PL","@id":"https:\/\/akademiabadmintona.pl\/warszawa\/grafik-a\/#primaryimage","url":"https:\/\/www.activenow.io\/assets\/ripple.gif","contentUrl":"https:\/\/www.activenow.io\/assets\/ripple.gif"},{"@type":"BreadcrumbList","@id":"https:\/\/akademiabadmintona.pl\/warszawa\/grafik-a\/#breadcrumb","itemListElement":[{"@type":"ListItem","position":1,"name":"Strona g\u0142\u00f3wna","item":"https:\/\/akademiabadmintona.pl\/warszawa\/"},{"@type":"ListItem","position":2,"name":"Grafik A Arena Ursyn\u00f3w, OSiR Polna 7a, Klub LAVO, Kahuna grupy (poniedzia\u0142ek, \u015broda, czwartek, pi\u0105tek, sobota godz 11.00)"}]},{"@type":"WebSite","@id":"https:\/\/akademiabadmintona.pl\/warszawa\/#website","url":"https:\/\/akademiabadmintona.pl\/warszawa\/","name":"Akademia badmintona | Warszawa","description":"Kolejna witryna sieci \u201eAkademia badmintona Witryn\u201d","publisher":{"@id":"https:\/\/akademiabadmintona.pl\/warszawa\/#organization"},"potentialAction":[{"@type":"SearchAction","target":{"@type":"EntryPoint","urlTemplate":"https:\/\/akademiabadmintona.pl\/warszawa\/?s={search_term_string}"},"query-input":{"@type":"PropertyValueSpecification","valueRequired":true,"valueName":"search_term_string"}}],"inLanguage":"pl-PL"},{"@type":"Organization","@id":"https:\/\/akademiabadmintona.pl\/warszawa\/#organization","name":"Akademia badmintona | Warszawa","url":"https:\/\/akademiabadmintona.pl\/warszawa\/","logo":{"@type":"ImageObject","inLanguage":"pl-PL","@id":"https:\/\/akademiabadmintona.pl\/warszawa\/#\/schema\/logo\/image\/","url":"https:\/\/akademiabadmintona.pl\/warszawa\/wp-content\/uploads\/sites\/6\/2021\/06\/logo2a.png","contentUrl":"https:\/\/akademiabadmintona.pl\/warszawa\/wp-content\/uploads\/sites\/6\/2021\/06\/logo2a.png","width":312,"height":171,"caption":"Akademia badmintona | Warszawa"},"image":{"@id":"https:\/\/akademiabadmintona.pl\/warszawa\/#\/schema\/logo\/image\/"}}]}},"_links":{"self":[{"href":"https:\/\/akademiabadmintona.pl\/warszawa\/wp-json\/wp\/v2\/pages\/1226","targetHints":{"allow":["GET"]}}],"collection":[{"href":"https:\/\/akademiabadmintona.pl\/warszawa\/wp-json\/wp\/v2\/pages"}],"about":[{"href":"https:\/\/akademiabadmintona.pl\/warszawa\/wp-json\/wp\/v2\/types\/page"}],"author":[{"embeddable":true,"href":"https:\/\/akademiabadmintona.pl\/warszawa\/wp-json\/wp\/v2\/users\/1"}],"replies":[{"embeddable":true,"href":"https:\/\/akademiabadmintona.pl\/warszawa\/wp-json\/wp\/v2\/comments?post=1226"}],"version-history":[{"count":26,"href":"https:\/\/akademiabadmintona.pl\/warszawa\/wp-json\/wp\/v2\/pages\/1226\/revisions"}],"predecessor-version":[{"id":1505,"href":"https:\/\/akademiabadmintona.pl\/warszawa\/wp-json\/wp\/v2\/pages\/1226\/revisions\/1505"}],"wp:attachment":[{"href":"https:\/\/akademiabadmintona.pl\/warszawa\/wp-json\/wp\/v2\/media?parent=1226"}],"curies":[{"name":"wp","href":"https:\/\/api.w.org\/{rel}","templated":true}]}}