{"id":1233,"date":"2023-08-16T18:24:49","date_gmt":"2023-08-16T16:24:49","guid":{"rendered":"https:\/\/akademiabadmintona.pl\/warszawa\/?page_id=1233"},"modified":"2025-08-31T12:04:56","modified_gmt":"2025-08-31T10:04:56","slug":"grafik-b","status":"publish","type":"page","link":"https:\/\/akademiabadmintona.pl\/warszawa\/grafik-b\/","title":{"rendered":"Grafik B ( Popie\u0142uszki, Solec, Kahuna godzina 15.00, 16.00 oraz 17:00)"},"content":{"rendered":"<p>Grafik B Formularz zapisu Zaj\u0119cia: ul. Popie\u0142uszki 5, Solec 71, Kahuna godz: 15.00, 16.00 oraz 17:00.<\/p>\n<p>Formularz Rejestracyjny<\/p>\n<div class=\"activenow-form-container activenow-form-86842-container\"><center><img decoding=\"async\" src=\"https:\/\/www.activenow.io\/assets\/ripple.gif\" width=\"100px\" \/><\/center><script async src='https:\/\/app.activenow.io\/external\/signup_form\/load_by_js?city_id=&#038;code=DkX5Li978GcxIg46&#038;proficiency_id=&#038;school_id=9895&#038;signup_form_id=86842&#038;venue_id=&#038;zz='><\/script><\/div>\n","protected":false},"excerpt":{"rendered":"<p>Grafik B Formularz zapisu Zaj\u0119cia: ul. Popie\u0142uszki 5, Solec 71, Kahuna godz: 15.00, 16.00 oraz 17:00. Formularz Rejestracyjny<\/p>\n","protected":false},"author":1,"featured_media":0,"parent":0,"menu_order":0,"comment_status":"closed","ping_status":"closed","template":"","meta":{"_acf_changed":false,"footnotes":""},"class_list":["post-1233","page","type-page","status-publish","hentry"],"acf":[],"yoast_head":"<!-- This site is optimized with the Yoast SEO plugin v25.5 - https:\/\/yoast.com\/wordpress\/plugins\/seo\/ -->\n<title>Grafik B ( Popie\u0142uszki, Solec, Kahuna godzina 15.00, 16.00 oraz 17:00) - Akademia badmintona | Warszawa<\/title>\n<meta name=\"robots\" content=\"index, follow, max-snippet:-1, max-image-preview:large, max-video-preview:-1\" \/>\n<link rel=\"canonical\" href=\"https:\/\/akademiabadmintona.pl\/warszawa\/grafik-b\/\" \/>\n<meta property=\"og:locale\" content=\"pl_PL\" \/>\n<meta property=\"og:type\" content=\"article\" \/>\n<meta property=\"og:title\" content=\"Grafik B ( Popie\u0142uszki, Solec, Kahuna godzina 15.00, 16.00 oraz 17:00) - Akademia badmintona | Warszawa\" \/>\n<meta property=\"og:description\" content=\"Grafik B Formularz zapisu Zaj\u0119cia: ul. Popie\u0142uszki 5, Solec 71, Kahuna godz: 15.00, 16.00 oraz 17:00. Formularz Rejestracyjny\" \/>\n<meta property=\"og:url\" content=\"https:\/\/akademiabadmintona.pl\/warszawa\/grafik-b\/\" \/>\n<meta property=\"og:site_name\" content=\"Akademia badmintona | Warszawa\" \/>\n<meta property=\"article:modified_time\" content=\"2025-08-31T10:04:56+00:00\" \/>\n<meta property=\"og:image\" content=\"https:\/\/akademiabadmintona.pl\/warszawa\/wp-content\/uploads\/sites\/6\/2021\/06\/logo2a.png\" \/>\n\t<meta property=\"og:image:width\" content=\"312\" \/>\n\t<meta property=\"og:image:height\" content=\"171\" \/>\n\t<meta property=\"og:image:type\" content=\"image\/png\" \/>\n<meta name=\"twitter:card\" content=\"summary_large_image\" \/>\n<meta name=\"twitter:label1\" content=\"Szacowany czas czytania\" \/>\n\t<meta name=\"twitter:data1\" content=\"1 minuta\" \/>\n<script type=\"application\/ld+json\" class=\"yoast-schema-graph\">{\"@context\":\"https:\/\/schema.org\",\"@graph\":[{\"@type\":\"WebPage\",\"@id\":\"https:\/\/akademiabadmintona.pl\/warszawa\/grafik-b\/\",\"url\":\"https:\/\/akademiabadmintona.pl\/warszawa\/grafik-b\/\",\"name\":\"Grafik B ( Popie\u0142uszki, Solec, Kahuna godzina 15.00, 16.00 oraz 17:00) - Akademia badmintona | Warszawa\",\"isPartOf\":{\"@id\":\"https:\/\/akademiabadmintona.pl\/warszawa\/#website\"},\"primaryImageOfPage\":{\"@id\":\"https:\/\/akademiabadmintona.pl\/warszawa\/grafik-b\/#primaryimage\"},\"image\":{\"@id\":\"https:\/\/akademiabadmintona.pl\/warszawa\/grafik-b\/#primaryimage\"},\"thumbnailUrl\":\"https:\/\/www.activenow.io\/assets\/ripple.gif\",\"datePublished\":\"2023-08-16T16:24:49+00:00\",\"dateModified\":\"2025-08-31T10:04:56+00:00\",\"breadcrumb\":{\"@id\":\"https:\/\/akademiabadmintona.pl\/warszawa\/grafik-b\/#breadcrumb\"},\"inLanguage\":\"pl-PL\",\"potentialAction\":[{\"@type\":\"ReadAction\",\"target\":[\"https:\/\/akademiabadmintona.pl\/warszawa\/grafik-b\/\"]}]},{\"@type\":\"ImageObject\",\"inLanguage\":\"pl-PL\",\"@id\":\"https:\/\/akademiabadmintona.pl\/warszawa\/grafik-b\/#primaryimage\",\"url\":\"https:\/\/www.activenow.io\/assets\/ripple.gif\",\"contentUrl\":\"https:\/\/www.activenow.io\/assets\/ripple.gif\"},{\"@type\":\"BreadcrumbList\",\"@id\":\"https:\/\/akademiabadmintona.pl\/warszawa\/grafik-b\/#breadcrumb\",\"itemListElement\":[{\"@type\":\"ListItem\",\"position\":1,\"name\":\"Strona g\u0142\u00f3wna\",\"item\":\"https:\/\/akademiabadmintona.pl\/warszawa\/\"},{\"@type\":\"ListItem\",\"position\":2,\"name\":\"Grafik B ( Popie\u0142uszki, Solec, Kahuna godzina 15.00, 16.00 oraz 17:00)\"}]},{\"@type\":\"WebSite\",\"@id\":\"https:\/\/akademiabadmintona.pl\/warszawa\/#website\",\"url\":\"https:\/\/akademiabadmintona.pl\/warszawa\/\",\"name\":\"Akademia badmintona | Warszawa\",\"description\":\"Kolejna witryna sieci \u201eAkademia badmintona Witryn\u201d\",\"publisher\":{\"@id\":\"https:\/\/akademiabadmintona.pl\/warszawa\/#organization\"},\"potentialAction\":[{\"@type\":\"SearchAction\",\"target\":{\"@type\":\"EntryPoint\",\"urlTemplate\":\"https:\/\/akademiabadmintona.pl\/warszawa\/?s={search_term_string}\"},\"query-input\":{\"@type\":\"PropertyValueSpecification\",\"valueRequired\":true,\"valueName\":\"search_term_string\"}}],\"inLanguage\":\"pl-PL\"},{\"@type\":\"Organization\",\"@id\":\"https:\/\/akademiabadmintona.pl\/warszawa\/#organization\",\"name\":\"Akademia badmintona | Warszawa\",\"url\":\"https:\/\/akademiabadmintona.pl\/warszawa\/\",\"logo\":{\"@type\":\"ImageObject\",\"inLanguage\":\"pl-PL\",\"@id\":\"https:\/\/akademiabadmintona.pl\/warszawa\/#\/schema\/logo\/image\/\",\"url\":\"https:\/\/akademiabadmintona.pl\/warszawa\/wp-content\/uploads\/sites\/6\/2021\/06\/logo2a.png\",\"contentUrl\":\"https:\/\/akademiabadmintona.pl\/warszawa\/wp-content\/uploads\/sites\/6\/2021\/06\/logo2a.png\",\"width\":312,\"height\":171,\"caption\":\"Akademia badmintona | Warszawa\"},\"image\":{\"@id\":\"https:\/\/akademiabadmintona.pl\/warszawa\/#\/schema\/logo\/image\/\"}}]}<\/script>\n<!-- \/ Yoast SEO plugin. -->","yoast_head_json":{"title":"Grafik B ( Popie\u0142uszki, Solec, Kahuna godzina 15.00, 16.00 oraz 17:00) - Akademia badmintona | Warszawa","robots":{"index":"index","follow":"follow","max-snippet":"max-snippet:-1","max-image-preview":"max-image-preview:large","max-video-preview":"max-video-preview:-1"},"canonical":"https:\/\/akademiabadmintona.pl\/warszawa\/grafik-b\/","og_locale":"pl_PL","og_type":"article","og_title":"Grafik B ( Popie\u0142uszki, Solec, Kahuna godzina 15.00, 16.00 oraz 17:00) - Akademia badmintona | Warszawa","og_description":"Grafik B Formularz zapisu Zaj\u0119cia: ul. Popie\u0142uszki 5, Solec 71, Kahuna godz: 15.00, 16.00 oraz 17:00. Formularz Rejestracyjny","og_url":"https:\/\/akademiabadmintona.pl\/warszawa\/grafik-b\/","og_site_name":"Akademia badmintona | Warszawa","article_modified_time":"2025-08-31T10:04:56+00:00","og_image":[{"width":312,"height":171,"url":"https:\/\/akademiabadmintona.pl\/warszawa\/wp-content\/uploads\/sites\/6\/2021\/06\/logo2a.png","type":"image\/png"}],"twitter_card":"summary_large_image","twitter_misc":{"Szacowany czas czytania":"1 minuta"},"schema":{"@context":"https:\/\/schema.org","@graph":[{"@type":"WebPage","@id":"https:\/\/akademiabadmintona.pl\/warszawa\/grafik-b\/","url":"https:\/\/akademiabadmintona.pl\/warszawa\/grafik-b\/","name":"Grafik B ( Popie\u0142uszki, Solec, Kahuna godzina 15.00, 16.00 oraz 17:00) - Akademia badmintona | Warszawa","isPartOf":{"@id":"https:\/\/akademiabadmintona.pl\/warszawa\/#website"},"primaryImageOfPage":{"@id":"https:\/\/akademiabadmintona.pl\/warszawa\/grafik-b\/#primaryimage"},"image":{"@id":"https:\/\/akademiabadmintona.pl\/warszawa\/grafik-b\/#primaryimage"},"thumbnailUrl":"https:\/\/www.activenow.io\/assets\/ripple.gif","datePublished":"2023-08-16T16:24:49+00:00","dateModified":"2025-08-31T10:04:56+00:00","breadcrumb":{"@id":"https:\/\/akademiabadmintona.pl\/warszawa\/grafik-b\/#breadcrumb"},"inLanguage":"pl-PL","potentialAction":[{"@type":"ReadAction","target":["https:\/\/akademiabadmintona.pl\/warszawa\/grafik-b\/"]}]},{"@type":"ImageObject","inLanguage":"pl-PL","@id":"https:\/\/akademiabadmintona.pl\/warszawa\/grafik-b\/#primaryimage","url":"https:\/\/www.activenow.io\/assets\/ripple.gif","contentUrl":"https:\/\/www.activenow.io\/assets\/ripple.gif"},{"@type":"BreadcrumbList","@id":"https:\/\/akademiabadmintona.pl\/warszawa\/grafik-b\/#breadcrumb","itemListElement":[{"@type":"ListItem","position":1,"name":"Strona g\u0142\u00f3wna","item":"https:\/\/akademiabadmintona.pl\/warszawa\/"},{"@type":"ListItem","position":2,"name":"Grafik B ( Popie\u0142uszki, Solec, Kahuna godzina 15.00, 16.00 oraz 17:00)"}]},{"@type":"WebSite","@id":"https:\/\/akademiabadmintona.pl\/warszawa\/#website","url":"https:\/\/akademiabadmintona.pl\/warszawa\/","name":"Akademia badmintona | Warszawa","description":"Kolejna witryna sieci \u201eAkademia badmintona Witryn\u201d","publisher":{"@id":"https:\/\/akademiabadmintona.pl\/warszawa\/#organization"},"potentialAction":[{"@type":"SearchAction","target":{"@type":"EntryPoint","urlTemplate":"https:\/\/akademiabadmintona.pl\/warszawa\/?s={search_term_string}"},"query-input":{"@type":"PropertyValueSpecification","valueRequired":true,"valueName":"search_term_string"}}],"inLanguage":"pl-PL"},{"@type":"Organization","@id":"https:\/\/akademiabadmintona.pl\/warszawa\/#organization","name":"Akademia badmintona | Warszawa","url":"https:\/\/akademiabadmintona.pl\/warszawa\/","logo":{"@type":"ImageObject","inLanguage":"pl-PL","@id":"https:\/\/akademiabadmintona.pl\/warszawa\/#\/schema\/logo\/image\/","url":"https:\/\/akademiabadmintona.pl\/warszawa\/wp-content\/uploads\/sites\/6\/2021\/06\/logo2a.png","contentUrl":"https:\/\/akademiabadmintona.pl\/warszawa\/wp-content\/uploads\/sites\/6\/2021\/06\/logo2a.png","width":312,"height":171,"caption":"Akademia badmintona | Warszawa"},"image":{"@id":"https:\/\/akademiabadmintona.pl\/warszawa\/#\/schema\/logo\/image\/"}}]}},"_links":{"self":[{"href":"https:\/\/akademiabadmintona.pl\/warszawa\/wp-json\/wp\/v2\/pages\/1233","targetHints":{"allow":["GET"]}}],"collection":[{"href":"https:\/\/akademiabadmintona.pl\/warszawa\/wp-json\/wp\/v2\/pages"}],"about":[{"href":"https:\/\/akademiabadmintona.pl\/warszawa\/wp-json\/wp\/v2\/types\/page"}],"author":[{"embeddable":true,"href":"https:\/\/akademiabadmintona.pl\/warszawa\/wp-json\/wp\/v2\/users\/1"}],"replies":[{"embeddable":true,"href":"https:\/\/akademiabadmintona.pl\/warszawa\/wp-json\/wp\/v2\/comments?post=1233"}],"version-history":[{"count":13,"href":"https:\/\/akademiabadmintona.pl\/warszawa\/wp-json\/wp\/v2\/pages\/1233\/revisions"}],"predecessor-version":[{"id":1507,"href":"https:\/\/akademiabadmintona.pl\/warszawa\/wp-json\/wp\/v2\/pages\/1233\/revisions\/1507"}],"wp:attachment":[{"href":"https:\/\/akademiabadmintona.pl\/warszawa\/wp-json\/wp\/v2\/media?parent=1233"}],"curies":[{"name":"wp","href":"https:\/\/api.w.org\/{rel}","templated":true}]}}