{"id":1344,"date":"2024-08-17T11:19:24","date_gmt":"2024-08-17T09:19:24","guid":{"rendered":"https:\/\/akademiabadmintona.pl\/warszawa\/?page_id=1344"},"modified":"2026-01-21T10:24:31","modified_gmt":"2026-01-21T09:24:31","slug":"wynajem-kortu","status":"publish","type":"page","link":"https:\/\/akademiabadmintona.pl\/warszawa\/wynajem-kortu\/","title":{"rendered":"Wynajem kortu &#8211; Warszawa"},"content":{"rendered":"<h2>Trenuj badmintona w Warszawie \u2013 wynajem kortu na terenie stolicy<\/h2>\n<p>Od amatora, a\u017c po poziom mistrza! Do naszej Akademii Badmintona zapraszamy wszystkich zainteresowanych, niezale\u017cnie od stopnia umiej\u0119tno\u015bci. Oferujemy zar\u00f3wno zaj\u0119cia grupowe, jak i indywidualne. Na specjalne \u017cyczenie, organizujemy treningi w badmintona w Warszawie na najlepszych kortach i halach, dzi\u0119ki czemu \u0107wiczenia odbywaj\u0105 si\u0119 w komfortowych warunkach. W przypadku szkole\u0144 indywidualnych cena obejmuje tak\u017ce koszt rezerwacji sali do badmintona. Zawsze korzystamy z najlepszych obiekt\u00f3w sportowych, dostosowanych do tej dyscypliny sportowej, gdzie pod okiem profesjonalisty mo\u017cna stale poprawia\u0107 swoje kwalifikacje. Wynajmujemy korty do gry w badmintona w r\u00f3\u017cnych dzielnicach Warszawy, co sprawia, \u017ce nasza oferta jest szczeg\u00f3lnie atrakcyjna dla mieszka\u0144c\u00f3w stolicy, bez wzgl\u0119du na to, z kt\u00f3rego ko\u0144ca miasta pochodz\u0105.<\/p>\n<h2>Hala do badmintona \u2013 swobodny trening<\/h2>\n<p>Przy nauce <strong>badmintona<\/strong>, wy\u0142\u0105czno\u015b\u0107 pod wzgl\u0119dem obecno\u015bci na <strong>sali<\/strong> pozwala skupi\u0107 si\u0119 na dokonaniach i ws\u0142ucha\u0107 uwa\u017cnie w uwagi trenera. Dbamy o to, by oferta obejmuj\u0105ca <strong>korty na wynajem<\/strong> by\u0142a zawsze korzystna cenowo. Ka\u017cda <strong>sala do badmintona<\/strong>, z kt\u00f3rej korzystamy, posiada odpowiedni\u0105 nawierzchni\u0119, optymaln\u0105 temperatur\u0119, a tak\u017ce siatk\u0119 w odpowiednim rozmiarze. Zainteresowa\u0142a Ci\u0119 nasza oferta obejmuj\u0105ca trening na <strong>korcie<\/strong> do <strong>badmintona<\/strong>? Zach\u0119camy do kontaktu z przedstawicielami naszej Akademii, kt\u00f3rzy odpowiedz\u0105 na ka\u017cde nurtuj\u0105ce Ci\u0119 pytanie. Z ch\u0119ci\u0105 pomagamy znale\u017a\u0107 dogodne miejsce do trening\u00f3w <strong>badmintona<\/strong> w <strong>Warszawie<\/strong> \u2013 dobra <strong>hala<\/strong> to wi\u0119ksze mo\u017cliwo\u015bci rozwoju.<\/p>\n<h2>Dobrze wyposa\u017cona sala do badmintona<\/h2>\n<p>Wynajem <strong>hali do badmintona w Warszawie<\/strong> to \u015bwietna okazja dla Twojego dziecka, aby rozwija\u0107 swoje umiej\u0119tno\u015bci w komfortowych warunkach. Nasze obiekty s\u0105 starannie wybrane, a tak\u017ce doskonale przystosowane do potrzeb m\u0142odych sportowc\u00f3w, co sprzyja zar\u00f3wno nauce, jak i zabawie. Dzi\u0119ki wy\u0142\u0105czno\u015bci na sali, Twoje dziecko mo\u017ce skupi\u0107 si\u0119 na treningu i uwa\u017cnie ws\u0142uchiwa\u0107 si\u0119 we wskaz\u00f3wki trenera. Co wi\u0119cej, dbamy o to, aby <strong>badmintonowe hale<\/strong> by\u0142y wyposa\u017cone w nowoczesny sprz\u0119t oraz odpowiedni\u0105 nawierzchni\u0119. Dzi\u0119ki temu jeste\u015bmy w stanie zapewni\u0107 bezpiecze\u0144stwo i efektywno\u015b\u0107 zaj\u0119\u0107. Je\u015bli jeste\u015b zainteresowany nasz\u0105 propozycj\u0105 nauki gry w badmintona, zach\u0119camy do kontaktu z przedstawicielami naszej Akademii w Warszawie, kt\u00f3rzy ch\u0119tnie odpowiedz\u0105 na wszystkie pytania dotycz\u0105ce termin\u00f3w czy cennik\u00f3w!<br \/>\n\n        <div style=\"display: flex; justify-content: center;flex-direction: column; margin-top: 50px;\">\n            <h2 style=\"margin-left: 0;text-align: center;text-transform: uppercase; color: #0b716a; font-weight: 600;\">Zarezerwuj kort!<\/h2>\n            <img loading=\"lazy\" decoding=\"async\" style=\"margin: auto;\" src=\"https:\/\/akademiabadmintona.pl\/warszawa\/wp-content\/themes\/akademia\/images\/hr.png\" width=\"177\" height=\"4\" alt=\"\">\n            <div style=\"display:flex; justify-content: center; flex-direction: row; gap: 20px; margin-top: 15px;\">\n                <a class=\"btn btn-orange2 btn-md\" href=\"tel:881 200 818\">Zadzwo\u0144<\/a>\n            <\/div>\n        <\/div><\/p>\n","protected":false},"excerpt":{"rendered":"<p>Trenuj badmintona w Warszawie \u2013 wynajem kortu na terenie stolicy Od amatora, a\u017c po poziom mistrza! Do naszej Akademii Badmintona [&hellip;]<\/p>\n","protected":false},"author":4,"featured_media":982,"parent":0,"menu_order":0,"comment_status":"closed","ping_status":"closed","template":"","meta":{"_acf_changed":false,"footnotes":""},"class_list":["post-1344","page","type-page","status-publish","has-post-thumbnail","hentry"],"acf":[],"yoast_head":"<!-- This site is optimized with the Yoast SEO plugin v25.5 - https:\/\/yoast.com\/wordpress\/plugins\/seo\/ -->\n<title>Korty badminton \u2013 Warszawa - Akademia badmintona<\/title>\n<meta name=\"description\" content=\"Szukasz miejsca do gry w badmintona w Warszawie? Sprawd\u017a kort w naszej hali do badmintona i ciesz si\u0119 komfortow\u0105 gr\u0105. Zapraszamy!\" \/>\n<meta name=\"robots\" content=\"index, follow, max-snippet:-1, max-image-preview:large, max-video-preview:-1\" \/>\n<link rel=\"canonical\" href=\"https:\/\/akademiabadmintona.pl\/warszawa\/wynajem-kortu\/\" \/>\n<meta property=\"og:locale\" content=\"pl_PL\" \/>\n<meta property=\"og:type\" content=\"article\" \/>\n<meta property=\"og:title\" content=\"Korty badminton \u2013 Warszawa - Akademia badmintona\" \/>\n<meta property=\"og:description\" content=\"Szukasz miejsca do gry w badmintona w Warszawie? Sprawd\u017a kort w naszej hali do badmintona i ciesz si\u0119 komfortow\u0105 gr\u0105. Zapraszamy!\" \/>\n<meta property=\"og:url\" content=\"https:\/\/akademiabadmintona.pl\/warszawa\/wynajem-kortu\/\" \/>\n<meta property=\"og:site_name\" content=\"Akademia badmintona | Warszawa\" \/>\n<meta property=\"article:modified_time\" content=\"2026-01-21T09:24:31+00:00\" \/>\n<meta property=\"og:image\" content=\"https:\/\/akademiabadmintona.pl\/warszawa\/wp-content\/uploads\/sites\/6\/2021\/08\/15.jpg\" \/>\n\t<meta property=\"og:image:width\" content=\"1270\" \/>\n\t<meta property=\"og:image:height\" content=\"673\" \/>\n\t<meta property=\"og:image:type\" content=\"image\/jpeg\" \/>\n<meta name=\"twitter:card\" content=\"summary_large_image\" \/>\n<meta name=\"twitter:label1\" content=\"Szacowany czas czytania\" \/>\n\t<meta name=\"twitter:data1\" content=\"3 minuty\" \/>\n<script type=\"application\/ld+json\" class=\"yoast-schema-graph\">{\"@context\":\"https:\/\/schema.org\",\"@graph\":[{\"@type\":\"WebPage\",\"@id\":\"https:\/\/akademiabadmintona.pl\/warszawa\/wynajem-kortu\/\",\"url\":\"https:\/\/akademiabadmintona.pl\/warszawa\/wynajem-kortu\/\",\"name\":\"Korty badminton \u2013 Warszawa - Akademia badmintona\",\"isPartOf\":{\"@id\":\"https:\/\/akademiabadmintona.pl\/warszawa\/#website\"},\"primaryImageOfPage\":{\"@id\":\"https:\/\/akademiabadmintona.pl\/warszawa\/wynajem-kortu\/#primaryimage\"},\"image\":{\"@id\":\"https:\/\/akademiabadmintona.pl\/warszawa\/wynajem-kortu\/#primaryimage\"},\"thumbnailUrl\":\"https:\/\/akademiabadmintona.pl\/warszawa\/wp-content\/uploads\/sites\/6\/2021\/08\/15.jpg\",\"datePublished\":\"2024-08-17T09:19:24+00:00\",\"dateModified\":\"2026-01-21T09:24:31+00:00\",\"description\":\"Szukasz miejsca do gry w badmintona w Warszawie? Sprawd\u017a kort w naszej hali do badmintona i ciesz si\u0119 komfortow\u0105 gr\u0105. Zapraszamy!\",\"breadcrumb\":{\"@id\":\"https:\/\/akademiabadmintona.pl\/warszawa\/wynajem-kortu\/#breadcrumb\"},\"inLanguage\":\"pl-PL\",\"potentialAction\":[{\"@type\":\"ReadAction\",\"target\":[\"https:\/\/akademiabadmintona.pl\/warszawa\/wynajem-kortu\/\"]}]},{\"@type\":\"ImageObject\",\"inLanguage\":\"pl-PL\",\"@id\":\"https:\/\/akademiabadmintona.pl\/warszawa\/wynajem-kortu\/#primaryimage\",\"url\":\"https:\/\/akademiabadmintona.pl\/warszawa\/wp-content\/uploads\/sites\/6\/2021\/08\/15.jpg\",\"contentUrl\":\"https:\/\/akademiabadmintona.pl\/warszawa\/wp-content\/uploads\/sites\/6\/2021\/08\/15.jpg\",\"width\":1270,\"height\":673},{\"@type\":\"BreadcrumbList\",\"@id\":\"https:\/\/akademiabadmintona.pl\/warszawa\/wynajem-kortu\/#breadcrumb\",\"itemListElement\":[{\"@type\":\"ListItem\",\"position\":1,\"name\":\"Strona g\u0142\u00f3wna\",\"item\":\"https:\/\/akademiabadmintona.pl\/warszawa\/\"},{\"@type\":\"ListItem\",\"position\":2,\"name\":\"Wynajem kortu &#8211; Warszawa\"}]},{\"@type\":\"WebSite\",\"@id\":\"https:\/\/akademiabadmintona.pl\/warszawa\/#website\",\"url\":\"https:\/\/akademiabadmintona.pl\/warszawa\/\",\"name\":\"Akademia badmintona | Warszawa\",\"description\":\"Kolejna witryna sieci \u201eAkademia badmintona Witryn\u201d\",\"publisher\":{\"@id\":\"https:\/\/akademiabadmintona.pl\/warszawa\/#organization\"},\"potentialAction\":[{\"@type\":\"SearchAction\",\"target\":{\"@type\":\"EntryPoint\",\"urlTemplate\":\"https:\/\/akademiabadmintona.pl\/warszawa\/?s={search_term_string}\"},\"query-input\":{\"@type\":\"PropertyValueSpecification\",\"valueRequired\":true,\"valueName\":\"search_term_string\"}}],\"inLanguage\":\"pl-PL\"},{\"@type\":\"Organization\",\"@id\":\"https:\/\/akademiabadmintona.pl\/warszawa\/#organization\",\"name\":\"Akademia badmintona | Warszawa\",\"url\":\"https:\/\/akademiabadmintona.pl\/warszawa\/\",\"logo\":{\"@type\":\"ImageObject\",\"inLanguage\":\"pl-PL\",\"@id\":\"https:\/\/akademiabadmintona.pl\/warszawa\/#\/schema\/logo\/image\/\",\"url\":\"https:\/\/akademiabadmintona.pl\/warszawa\/wp-content\/uploads\/sites\/6\/2021\/06\/logo2a.png\",\"contentUrl\":\"https:\/\/akademiabadmintona.pl\/warszawa\/wp-content\/uploads\/sites\/6\/2021\/06\/logo2a.png\",\"width\":312,\"height\":171,\"caption\":\"Akademia badmintona | Warszawa\"},\"image\":{\"@id\":\"https:\/\/akademiabadmintona.pl\/warszawa\/#\/schema\/logo\/image\/\"}}]}<\/script>\n<!-- \/ Yoast SEO plugin. -->","yoast_head_json":{"title":"Korty badminton \u2013 Warszawa - Akademia badmintona","description":"Szukasz miejsca do gry w badmintona w Warszawie? Sprawd\u017a kort w naszej hali do badmintona i ciesz si\u0119 komfortow\u0105 gr\u0105. Zapraszamy!","robots":{"index":"index","follow":"follow","max-snippet":"max-snippet:-1","max-image-preview":"max-image-preview:large","max-video-preview":"max-video-preview:-1"},"canonical":"https:\/\/akademiabadmintona.pl\/warszawa\/wynajem-kortu\/","og_locale":"pl_PL","og_type":"article","og_title":"Korty badminton \u2013 Warszawa - Akademia badmintona","og_description":"Szukasz miejsca do gry w badmintona w Warszawie? Sprawd\u017a kort w naszej hali do badmintona i ciesz si\u0119 komfortow\u0105 gr\u0105. Zapraszamy!","og_url":"https:\/\/akademiabadmintona.pl\/warszawa\/wynajem-kortu\/","og_site_name":"Akademia badmintona | Warszawa","article_modified_time":"2026-01-21T09:24:31+00:00","og_image":[{"width":1270,"height":673,"url":"https:\/\/akademiabadmintona.pl\/warszawa\/wp-content\/uploads\/sites\/6\/2021\/08\/15.jpg","type":"image\/jpeg"}],"twitter_card":"summary_large_image","twitter_misc":{"Szacowany czas czytania":"3 minuty"},"schema":{"@context":"https:\/\/schema.org","@graph":[{"@type":"WebPage","@id":"https:\/\/akademiabadmintona.pl\/warszawa\/wynajem-kortu\/","url":"https:\/\/akademiabadmintona.pl\/warszawa\/wynajem-kortu\/","name":"Korty badminton \u2013 Warszawa - Akademia badmintona","isPartOf":{"@id":"https:\/\/akademiabadmintona.pl\/warszawa\/#website"},"primaryImageOfPage":{"@id":"https:\/\/akademiabadmintona.pl\/warszawa\/wynajem-kortu\/#primaryimage"},"image":{"@id":"https:\/\/akademiabadmintona.pl\/warszawa\/wynajem-kortu\/#primaryimage"},"thumbnailUrl":"https:\/\/akademiabadmintona.pl\/warszawa\/wp-content\/uploads\/sites\/6\/2021\/08\/15.jpg","datePublished":"2024-08-17T09:19:24+00:00","dateModified":"2026-01-21T09:24:31+00:00","description":"Szukasz miejsca do gry w badmintona w Warszawie? Sprawd\u017a kort w naszej hali do badmintona i ciesz si\u0119 komfortow\u0105 gr\u0105. Zapraszamy!","breadcrumb":{"@id":"https:\/\/akademiabadmintona.pl\/warszawa\/wynajem-kortu\/#breadcrumb"},"inLanguage":"pl-PL","potentialAction":[{"@type":"ReadAction","target":["https:\/\/akademiabadmintona.pl\/warszawa\/wynajem-kortu\/"]}]},{"@type":"ImageObject","inLanguage":"pl-PL","@id":"https:\/\/akademiabadmintona.pl\/warszawa\/wynajem-kortu\/#primaryimage","url":"https:\/\/akademiabadmintona.pl\/warszawa\/wp-content\/uploads\/sites\/6\/2021\/08\/15.jpg","contentUrl":"https:\/\/akademiabadmintona.pl\/warszawa\/wp-content\/uploads\/sites\/6\/2021\/08\/15.jpg","width":1270,"height":673},{"@type":"BreadcrumbList","@id":"https:\/\/akademiabadmintona.pl\/warszawa\/wynajem-kortu\/#breadcrumb","itemListElement":[{"@type":"ListItem","position":1,"name":"Strona g\u0142\u00f3wna","item":"https:\/\/akademiabadmintona.pl\/warszawa\/"},{"@type":"ListItem","position":2,"name":"Wynajem kortu &#8211; Warszawa"}]},{"@type":"WebSite","@id":"https:\/\/akademiabadmintona.pl\/warszawa\/#website","url":"https:\/\/akademiabadmintona.pl\/warszawa\/","name":"Akademia badmintona | Warszawa","description":"Kolejna witryna sieci \u201eAkademia badmintona Witryn\u201d","publisher":{"@id":"https:\/\/akademiabadmintona.pl\/warszawa\/#organization"},"potentialAction":[{"@type":"SearchAction","target":{"@type":"EntryPoint","urlTemplate":"https:\/\/akademiabadmintona.pl\/warszawa\/?s={search_term_string}"},"query-input":{"@type":"PropertyValueSpecification","valueRequired":true,"valueName":"search_term_string"}}],"inLanguage":"pl-PL"},{"@type":"Organization","@id":"https:\/\/akademiabadmintona.pl\/warszawa\/#organization","name":"Akademia badmintona | Warszawa","url":"https:\/\/akademiabadmintona.pl\/warszawa\/","logo":{"@type":"ImageObject","inLanguage":"pl-PL","@id":"https:\/\/akademiabadmintona.pl\/warszawa\/#\/schema\/logo\/image\/","url":"https:\/\/akademiabadmintona.pl\/warszawa\/wp-content\/uploads\/sites\/6\/2021\/06\/logo2a.png","contentUrl":"https:\/\/akademiabadmintona.pl\/warszawa\/wp-content\/uploads\/sites\/6\/2021\/06\/logo2a.png","width":312,"height":171,"caption":"Akademia badmintona | Warszawa"},"image":{"@id":"https:\/\/akademiabadmintona.pl\/warszawa\/#\/schema\/logo\/image\/"}}]}},"_links":{"self":[{"href":"https:\/\/akademiabadmintona.pl\/warszawa\/wp-json\/wp\/v2\/pages\/1344","targetHints":{"allow":["GET"]}}],"collection":[{"href":"https:\/\/akademiabadmintona.pl\/warszawa\/wp-json\/wp\/v2\/pages"}],"about":[{"href":"https:\/\/akademiabadmintona.pl\/warszawa\/wp-json\/wp\/v2\/types\/page"}],"author":[{"embeddable":true,"href":"https:\/\/akademiabadmintona.pl\/warszawa\/wp-json\/wp\/v2\/users\/4"}],"replies":[{"embeddable":true,"href":"https:\/\/akademiabadmintona.pl\/warszawa\/wp-json\/wp\/v2\/comments?post=1344"}],"version-history":[{"count":6,"href":"https:\/\/akademiabadmintona.pl\/warszawa\/wp-json\/wp\/v2\/pages\/1344\/revisions"}],"predecessor-version":[{"id":1553,"href":"https:\/\/akademiabadmintona.pl\/warszawa\/wp-json\/wp\/v2\/pages\/1344\/revisions\/1553"}],"wp:featuredmedia":[{"embeddable":true,"href":"https:\/\/akademiabadmintona.pl\/warszawa\/wp-json\/wp\/v2\/media\/982"}],"wp:attachment":[{"href":"https:\/\/akademiabadmintona.pl\/warszawa\/wp-json\/wp\/v2\/media?parent=1344"}],"curies":[{"name":"wp","href":"https:\/\/api.w.org\/{rel}","templated":true}]}}