{"id":1351,"date":"2024-08-17T11:46:41","date_gmt":"2024-08-17T09:46:41","guid":{"rendered":"https:\/\/akademiabadmintona.pl\/warszawa\/?page_id=1351"},"modified":"2025-05-15T08:21:08","modified_gmt":"2025-05-15T06:21:08","slug":"zajecia-dla-dzieci-mokotow","status":"publish","type":"page","link":"https:\/\/akademiabadmintona.pl\/warszawa\/zajecia-dla-dzieci-mokotow\/","title":{"rendered":"Zaj\u0119cia dla dzieci &#8211; Mokot\u00f3w"},"content":{"rendered":"<h2>Zaj\u0119cia sportowe dla dzieci \u2013 zacznij przygod\u0119 z badmintonem na Mokotowie<\/h2>\n<p style=\"text-align: justify\">&gt;W 2008 roku stworzyli\u015bmy Klub Akademia Badmintona. To miejsce, w kt\u00f3rym zara\u017camy pasj\u0105 do tej pi\u0119knej gry. Dbamy o to, by nasze <b>zaj\u0119cia sportowe dla dzieci<\/b> by\u0142y przede wszystkim czasem pe\u0142nym zabawy, ale nie zapominamy przy tym o sportowej dyscyplinie i nauce. <b>Zaj\u0119cia dla dzieci<\/b> organizujemy na najlepszych obiektach, w tym tak\u017ce na kortach w dzielnicy <b>Mokot\u00f3w<\/b>. Jeste\u015bmy grup\u0105 mi\u0142o\u015bnik\u00f3w, ale przede wszystkim profesjonalist\u00f3w. Organizujemy treningi w grupach czteroosobowych, zapewniamy ka\u017cdemu indywidualne podej\u015bcie. Czekamy na nowych pasjonat\u00f3w, gotowych zasili\u0107 nasz\u0105 dru\u017cyn\u0119!<\/p>\n<h2>Zaj\u0119cia dla dzieci \u2013 badminton w Warszawie na Mokotowie<\/h2>\n<p style=\"text-align: justify\">Korzy\u015bci dla dzieci p\u0142yn\u0105cych z uprawiania badmintona jest bez liku \u2013 to trening mi\u0119\u015bni, nauka zwinno\u015bci, a tak\u017ce lekcja samodyscypliny. Regularne treningi poprawiaj\u0105 odporno\u015b\u0107, usprawniaj\u0105 metabolizm, wp\u0142ywaj\u0105 na zdrowie serca. Je\u015bli wi\u0119c poszukujesz sportu, kt\u00f3ry zaanga\u017cuje malucha na d\u0142ugo, postaw na badmintona, by\u0107 mo\u017ce stanie si\u0119 to pocz\u0105tkiem pi\u0119knej przygody. Nasze <strong>zaj\u0119cia dla dzieci <\/strong>opieraj\u0105 si\u0119 nauce r\u00f3\u017cnorodnych technik, zaczynamy od podstaw, a nast\u0119pnie przeprowadzamy ma\u0142ych amator\u00f3w po najwi\u0119kszych arkanach gry. Ponadto oferujemy wyjazdy grupowe, kolonie szkoleniowe oraz udzia\u0142 w zawodach i turniejach. Dzia\u0142amy na terenie o\u015brodk\u00f3w, w stu procentach dostosowanych do gry w badmintona, co pozwala uzyska\u0107 lepsz\u0105 skuteczno\u015b\u0107 na treningach. Zapraszamy do zapis\u00f3w na <strong>zaj\u0119cia dla dzieci <\/strong>mieszka\u0144c\u00f3w <strong>warszawskiego Mokotowa <\/strong>oraz okolic. Czekamy w\u0142a\u015bnie na Ciebie!<\/p>\n\n        <div style=\"display: flex; justify-content: center;flex-direction: column; margin-top: 50px;\">\n            <h2 style=\"margin-left: 0;text-align: center;text-transform: uppercase; color: #0b716a; font-weight: 600;\">Zapisz si\u0119<\/h2>\n            <img loading=\"lazy\" decoding=\"async\" style=\"margin: auto;\" src=\"https:\/\/akademiabadmintona.pl\/warszawa\/wp-content\/themes\/akademia\/images\/hr.png\" width=\"177\" height=\"4\" alt=\"\">\n            <div style=\"display:flex; justify-content: center; flex-direction: row; gap: 20px; margin-top: 15px;\">\n                <a class=\"btn btn-orange2 btn-md\" href=\"\/warszawa\/grafik-a\/\">Grafik A<\/a>\n                <a class=\"btn btn-orange2 btn-md\" href=\"\/warszawa\/grafik-b\/\">Grafik B<\/a>\n            <\/div>\n        <\/div>\n","protected":false},"excerpt":{"rendered":"<p>Zaj\u0119cia sportowe dla dzieci \u2013 zacznij przygod\u0119 z badmintonem na Mokotowie &gt;W 2008 roku stworzyli\u015bmy Klub Akademia Badmintona. To miejsce, [&hellip;]<\/p>\n","protected":false},"author":4,"featured_media":936,"parent":0,"menu_order":0,"comment_status":"closed","ping_status":"closed","template":"","meta":{"_acf_changed":false,"footnotes":""},"class_list":["post-1351","page","type-page","status-publish","has-post-thumbnail","hentry"],"acf":[],"yoast_head":"<!-- This site is optimized with the Yoast SEO plugin v25.5 - https:\/\/yoast.com\/wordpress\/plugins\/seo\/ -->\n<title>Zaj\u0119cia sportowe dla dzieci \u2013 Mokot\u00f3w \u2013 Akademia badmintona<\/title>\n<meta name=\"description\" content=\"Szukasz zaj\u0119\u0107 dla dzieci na Mokotowie? Akademia Badmintona w Warszawie Mokot\u00f3w oferuje zaj\u0119cia sportowe, kt\u00f3re rozwijaj\u0105 i bawi\u0105. Zapraszamy!\" \/>\n<meta name=\"robots\" content=\"index, follow, max-snippet:-1, max-image-preview:large, max-video-preview:-1\" \/>\n<link rel=\"canonical\" href=\"https:\/\/akademiabadmintona.pl\/warszawa\/zajecia-dla-dzieci-mokotow\/\" \/>\n<meta property=\"og:locale\" content=\"pl_PL\" \/>\n<meta property=\"og:type\" content=\"article\" \/>\n<meta property=\"og:title\" content=\"Zaj\u0119cia sportowe dla dzieci \u2013 Mokot\u00f3w \u2013 Akademia badmintona\" \/>\n<meta property=\"og:description\" content=\"Szukasz zaj\u0119\u0107 dla dzieci na Mokotowie? Akademia Badmintona w Warszawie Mokot\u00f3w oferuje zaj\u0119cia sportowe, kt\u00f3re rozwijaj\u0105 i bawi\u0105. Zapraszamy!\" \/>\n<meta property=\"og:url\" content=\"https:\/\/akademiabadmintona.pl\/warszawa\/zajecia-dla-dzieci-mokotow\/\" \/>\n<meta property=\"og:site_name\" content=\"Akademia badmintona | Warszawa\" \/>\n<meta property=\"article:modified_time\" content=\"2025-05-15T06:21:08+00:00\" \/>\n<meta property=\"og:image\" content=\"https:\/\/akademiabadmintona.pl\/warszawa\/wp-content\/uploads\/sites\/6\/2021\/08\/ms9-1.jpg\" \/>\n\t<meta property=\"og:image:width\" content=\"1600\" \/>\n\t<meta property=\"og:image:height\" content=\"1600\" \/>\n\t<meta property=\"og:image:type\" content=\"image\/jpeg\" \/>\n<meta name=\"twitter:card\" content=\"summary_large_image\" \/>\n<meta name=\"twitter:label1\" content=\"Szacowany czas czytania\" \/>\n\t<meta name=\"twitter:data1\" content=\"1 minuta\" \/>\n<script type=\"application\/ld+json\" class=\"yoast-schema-graph\">{\"@context\":\"https:\/\/schema.org\",\"@graph\":[{\"@type\":\"WebPage\",\"@id\":\"https:\/\/akademiabadmintona.pl\/warszawa\/zajecia-dla-dzieci-mokotow\/\",\"url\":\"https:\/\/akademiabadmintona.pl\/warszawa\/zajecia-dla-dzieci-mokotow\/\",\"name\":\"Zaj\u0119cia sportowe dla dzieci \u2013 Mokot\u00f3w \u2013 Akademia badmintona\",\"isPartOf\":{\"@id\":\"https:\/\/akademiabadmintona.pl\/warszawa\/#website\"},\"primaryImageOfPage\":{\"@id\":\"https:\/\/akademiabadmintona.pl\/warszawa\/zajecia-dla-dzieci-mokotow\/#primaryimage\"},\"image\":{\"@id\":\"https:\/\/akademiabadmintona.pl\/warszawa\/zajecia-dla-dzieci-mokotow\/#primaryimage\"},\"thumbnailUrl\":\"https:\/\/akademiabadmintona.pl\/warszawa\/wp-content\/uploads\/sites\/6\/2021\/08\/ms9-1.jpg\",\"datePublished\":\"2024-08-17T09:46:41+00:00\",\"dateModified\":\"2025-05-15T06:21:08+00:00\",\"description\":\"Szukasz zaj\u0119\u0107 dla dzieci na Mokotowie? Akademia Badmintona w Warszawie Mokot\u00f3w oferuje zaj\u0119cia sportowe, kt\u00f3re rozwijaj\u0105 i bawi\u0105. Zapraszamy!\",\"breadcrumb\":{\"@id\":\"https:\/\/akademiabadmintona.pl\/warszawa\/zajecia-dla-dzieci-mokotow\/#breadcrumb\"},\"inLanguage\":\"pl-PL\",\"potentialAction\":[{\"@type\":\"ReadAction\",\"target\":[\"https:\/\/akademiabadmintona.pl\/warszawa\/zajecia-dla-dzieci-mokotow\/\"]}]},{\"@type\":\"ImageObject\",\"inLanguage\":\"pl-PL\",\"@id\":\"https:\/\/akademiabadmintona.pl\/warszawa\/zajecia-dla-dzieci-mokotow\/#primaryimage\",\"url\":\"https:\/\/akademiabadmintona.pl\/warszawa\/wp-content\/uploads\/sites\/6\/2021\/08\/ms9-1.jpg\",\"contentUrl\":\"https:\/\/akademiabadmintona.pl\/warszawa\/wp-content\/uploads\/sites\/6\/2021\/08\/ms9-1.jpg\",\"width\":1600,\"height\":1600},{\"@type\":\"BreadcrumbList\",\"@id\":\"https:\/\/akademiabadmintona.pl\/warszawa\/zajecia-dla-dzieci-mokotow\/#breadcrumb\",\"itemListElement\":[{\"@type\":\"ListItem\",\"position\":1,\"name\":\"Strona g\u0142\u00f3wna\",\"item\":\"https:\/\/akademiabadmintona.pl\/warszawa\/\"},{\"@type\":\"ListItem\",\"position\":2,\"name\":\"Zaj\u0119cia dla dzieci &#8211; Mokot\u00f3w\"}]},{\"@type\":\"WebSite\",\"@id\":\"https:\/\/akademiabadmintona.pl\/warszawa\/#website\",\"url\":\"https:\/\/akademiabadmintona.pl\/warszawa\/\",\"name\":\"Akademia badmintona | Warszawa\",\"description\":\"Kolejna witryna sieci \u201eAkademia badmintona Witryn\u201d\",\"publisher\":{\"@id\":\"https:\/\/akademiabadmintona.pl\/warszawa\/#organization\"},\"potentialAction\":[{\"@type\":\"SearchAction\",\"target\":{\"@type\":\"EntryPoint\",\"urlTemplate\":\"https:\/\/akademiabadmintona.pl\/warszawa\/?s={search_term_string}\"},\"query-input\":{\"@type\":\"PropertyValueSpecification\",\"valueRequired\":true,\"valueName\":\"search_term_string\"}}],\"inLanguage\":\"pl-PL\"},{\"@type\":\"Organization\",\"@id\":\"https:\/\/akademiabadmintona.pl\/warszawa\/#organization\",\"name\":\"Akademia badmintona | Warszawa\",\"url\":\"https:\/\/akademiabadmintona.pl\/warszawa\/\",\"logo\":{\"@type\":\"ImageObject\",\"inLanguage\":\"pl-PL\",\"@id\":\"https:\/\/akademiabadmintona.pl\/warszawa\/#\/schema\/logo\/image\/\",\"url\":\"https:\/\/akademiabadmintona.pl\/warszawa\/wp-content\/uploads\/sites\/6\/2021\/06\/logo2a.png\",\"contentUrl\":\"https:\/\/akademiabadmintona.pl\/warszawa\/wp-content\/uploads\/sites\/6\/2021\/06\/logo2a.png\",\"width\":312,\"height\":171,\"caption\":\"Akademia badmintona | Warszawa\"},\"image\":{\"@id\":\"https:\/\/akademiabadmintona.pl\/warszawa\/#\/schema\/logo\/image\/\"}}]}<\/script>\n<!-- \/ Yoast SEO plugin. -->","yoast_head_json":{"title":"Zaj\u0119cia sportowe dla dzieci \u2013 Mokot\u00f3w \u2013 Akademia badmintona","description":"Szukasz zaj\u0119\u0107 dla dzieci na Mokotowie? Akademia Badmintona w Warszawie Mokot\u00f3w oferuje zaj\u0119cia sportowe, kt\u00f3re rozwijaj\u0105 i bawi\u0105. Zapraszamy!","robots":{"index":"index","follow":"follow","max-snippet":"max-snippet:-1","max-image-preview":"max-image-preview:large","max-video-preview":"max-video-preview:-1"},"canonical":"https:\/\/akademiabadmintona.pl\/warszawa\/zajecia-dla-dzieci-mokotow\/","og_locale":"pl_PL","og_type":"article","og_title":"Zaj\u0119cia sportowe dla dzieci \u2013 Mokot\u00f3w \u2013 Akademia badmintona","og_description":"Szukasz zaj\u0119\u0107 dla dzieci na Mokotowie? Akademia Badmintona w Warszawie Mokot\u00f3w oferuje zaj\u0119cia sportowe, kt\u00f3re rozwijaj\u0105 i bawi\u0105. Zapraszamy!","og_url":"https:\/\/akademiabadmintona.pl\/warszawa\/zajecia-dla-dzieci-mokotow\/","og_site_name":"Akademia badmintona | Warszawa","article_modified_time":"2025-05-15T06:21:08+00:00","og_image":[{"width":1600,"height":1600,"url":"https:\/\/akademiabadmintona.pl\/warszawa\/wp-content\/uploads\/sites\/6\/2021\/08\/ms9-1.jpg","type":"image\/jpeg"}],"twitter_card":"summary_large_image","twitter_misc":{"Szacowany czas czytania":"1 minuta"},"schema":{"@context":"https:\/\/schema.org","@graph":[{"@type":"WebPage","@id":"https:\/\/akademiabadmintona.pl\/warszawa\/zajecia-dla-dzieci-mokotow\/","url":"https:\/\/akademiabadmintona.pl\/warszawa\/zajecia-dla-dzieci-mokotow\/","name":"Zaj\u0119cia sportowe dla dzieci \u2013 Mokot\u00f3w \u2013 Akademia badmintona","isPartOf":{"@id":"https:\/\/akademiabadmintona.pl\/warszawa\/#website"},"primaryImageOfPage":{"@id":"https:\/\/akademiabadmintona.pl\/warszawa\/zajecia-dla-dzieci-mokotow\/#primaryimage"},"image":{"@id":"https:\/\/akademiabadmintona.pl\/warszawa\/zajecia-dla-dzieci-mokotow\/#primaryimage"},"thumbnailUrl":"https:\/\/akademiabadmintona.pl\/warszawa\/wp-content\/uploads\/sites\/6\/2021\/08\/ms9-1.jpg","datePublished":"2024-08-17T09:46:41+00:00","dateModified":"2025-05-15T06:21:08+00:00","description":"Szukasz zaj\u0119\u0107 dla dzieci na Mokotowie? Akademia Badmintona w Warszawie Mokot\u00f3w oferuje zaj\u0119cia sportowe, kt\u00f3re rozwijaj\u0105 i bawi\u0105. Zapraszamy!","breadcrumb":{"@id":"https:\/\/akademiabadmintona.pl\/warszawa\/zajecia-dla-dzieci-mokotow\/#breadcrumb"},"inLanguage":"pl-PL","potentialAction":[{"@type":"ReadAction","target":["https:\/\/akademiabadmintona.pl\/warszawa\/zajecia-dla-dzieci-mokotow\/"]}]},{"@type":"ImageObject","inLanguage":"pl-PL","@id":"https:\/\/akademiabadmintona.pl\/warszawa\/zajecia-dla-dzieci-mokotow\/#primaryimage","url":"https:\/\/akademiabadmintona.pl\/warszawa\/wp-content\/uploads\/sites\/6\/2021\/08\/ms9-1.jpg","contentUrl":"https:\/\/akademiabadmintona.pl\/warszawa\/wp-content\/uploads\/sites\/6\/2021\/08\/ms9-1.jpg","width":1600,"height":1600},{"@type":"BreadcrumbList","@id":"https:\/\/akademiabadmintona.pl\/warszawa\/zajecia-dla-dzieci-mokotow\/#breadcrumb","itemListElement":[{"@type":"ListItem","position":1,"name":"Strona g\u0142\u00f3wna","item":"https:\/\/akademiabadmintona.pl\/warszawa\/"},{"@type":"ListItem","position":2,"name":"Zaj\u0119cia dla dzieci &#8211; Mokot\u00f3w"}]},{"@type":"WebSite","@id":"https:\/\/akademiabadmintona.pl\/warszawa\/#website","url":"https:\/\/akademiabadmintona.pl\/warszawa\/","name":"Akademia badmintona | Warszawa","description":"Kolejna witryna sieci \u201eAkademia badmintona Witryn\u201d","publisher":{"@id":"https:\/\/akademiabadmintona.pl\/warszawa\/#organization"},"potentialAction":[{"@type":"SearchAction","target":{"@type":"EntryPoint","urlTemplate":"https:\/\/akademiabadmintona.pl\/warszawa\/?s={search_term_string}"},"query-input":{"@type":"PropertyValueSpecification","valueRequired":true,"valueName":"search_term_string"}}],"inLanguage":"pl-PL"},{"@type":"Organization","@id":"https:\/\/akademiabadmintona.pl\/warszawa\/#organization","name":"Akademia badmintona | Warszawa","url":"https:\/\/akademiabadmintona.pl\/warszawa\/","logo":{"@type":"ImageObject","inLanguage":"pl-PL","@id":"https:\/\/akademiabadmintona.pl\/warszawa\/#\/schema\/logo\/image\/","url":"https:\/\/akademiabadmintona.pl\/warszawa\/wp-content\/uploads\/sites\/6\/2021\/06\/logo2a.png","contentUrl":"https:\/\/akademiabadmintona.pl\/warszawa\/wp-content\/uploads\/sites\/6\/2021\/06\/logo2a.png","width":312,"height":171,"caption":"Akademia badmintona | Warszawa"},"image":{"@id":"https:\/\/akademiabadmintona.pl\/warszawa\/#\/schema\/logo\/image\/"}}]}},"_links":{"self":[{"href":"https:\/\/akademiabadmintona.pl\/warszawa\/wp-json\/wp\/v2\/pages\/1351","targetHints":{"allow":["GET"]}}],"collection":[{"href":"https:\/\/akademiabadmintona.pl\/warszawa\/wp-json\/wp\/v2\/pages"}],"about":[{"href":"https:\/\/akademiabadmintona.pl\/warszawa\/wp-json\/wp\/v2\/types\/page"}],"author":[{"embeddable":true,"href":"https:\/\/akademiabadmintona.pl\/warszawa\/wp-json\/wp\/v2\/users\/4"}],"replies":[{"embeddable":true,"href":"https:\/\/akademiabadmintona.pl\/warszawa\/wp-json\/wp\/v2\/comments?post=1351"}],"version-history":[{"count":9,"href":"https:\/\/akademiabadmintona.pl\/warszawa\/wp-json\/wp\/v2\/pages\/1351\/revisions"}],"predecessor-version":[{"id":1461,"href":"https:\/\/akademiabadmintona.pl\/warszawa\/wp-json\/wp\/v2\/pages\/1351\/revisions\/1461"}],"wp:featuredmedia":[{"embeddable":true,"href":"https:\/\/akademiabadmintona.pl\/warszawa\/wp-json\/wp\/v2\/media\/936"}],"wp:attachment":[{"href":"https:\/\/akademiabadmintona.pl\/warszawa\/wp-json\/wp\/v2\/media?parent=1351"}],"curies":[{"name":"wp","href":"https:\/\/api.w.org\/{rel}","templated":true}]}}