{"id":1395,"date":"2024-10-14T13:38:19","date_gmt":"2024-10-14T11:38:19","guid":{"rendered":"https:\/\/akademiabadmintona.pl\/warszawa\/?page_id=1395"},"modified":"2025-05-15T08:31:15","modified_gmt":"2025-05-15T06:31:15","slug":"zajecia-dla-dzieci-ursynow","status":"publish","type":"page","link":"https:\/\/akademiabadmintona.pl\/warszawa\/zajecia-dla-dzieci-ursynow\/","title":{"rendered":"Zaj\u0119cia dla dzieci &#8211; Ursyn\u00f3w"},"content":{"rendered":"<h2>Sprawd\u017a si\u0119 na zaj\u0119ciach sportowych dla dzieci na Ursynowie<\/h2>\n<p style=\"text-align: justify\">Rozpocznij przygod\u0119 z tak pi\u0119knym sportem, jakim jest badminton. Jeste\u015bmy grup\u0105 trener\u00f3w, gotowych zarazi\u0107 pasj\u0105 do tej dyscypliny nowe osoby. Tworzymy lig\u0119 m\u0142odzik\u00f3w na <b>zaj\u0119ciach dla dzieci<\/b> na <b>Ursynowie<\/b>. Korzystamy z najlepszych obiekt\u00f3w sportowych na terenie stolicy, a do tego udost\u0119pniamy naszym uczestnikom oryginalny sprz\u0119t marki Li-Ning. Do udzia\u0142u zapraszamy dziewczynki i ch\u0142opc\u00f3w, niezale\u017cnie od wieku i stopnia umiej\u0119tno\u015bci. Z nasz\u0105 pomoc\u0105, na <b>zaj\u0119ciach dla dzieci<\/b> w ka\u017cdym odkryjemy i rozwiniemy potencja\u0142, by w zlokalizowanym <b>w Warszawie Ursynowie<\/b> wy\u0142oni\u0107 przysz\u0142ego mistrza.<\/p>\n<h2>Do\u0142\u0105cz do dru\u017cyny, czyli zaj\u0119cia dla dzieci na Ursynowie<\/h2>\n<p style=\"text-align: justify\">Badminton to \u0142atwy do nauczenia si\u0119 sport, kt\u00f3ry przynosi wiele korzy\u015bci. <b>Zaj\u0119cia sportowe dla dzieci<\/b> stanowi\u0105 dobry spos\u00f3b na zadbanie o og\u00f3lny rozw\u00f3j maluch\u00f3w. Odbijanie lotki przynosi szereg korzy\u015bci dla zdrowia, a do tego pobudza wydzielanie endorfin, czyli hormon\u00f3w szcz\u0119\u015bcia. Co polecamy zabra\u0107 na <b>zaj\u0119cia dla dzieci na Ursynowie<\/b>? Przede wszystkim dobre nastawienie, co stanowi podstaw\u0119 do dalszych sukces\u00f3w. M\u0142odego adepta nauczymy wszystkiego, pocz\u0105wszy od trzymania rakiety, poprzez r\u00f3\u017cnorodne techniki serwowania, a\u017c po radzenie sobie z presj\u0105. Priorytetowo traktujemy atmosfer\u0119 podczas <b>zaj\u0119\u0107 dla dzieci<\/b> \u2013 przyjazn\u0105 i wyzwalaj\u0105ca moc u\u015bmiech\u00f3w.<\/p>\n<h2>Jakie korzy\u015bci przynosz\u0105 zaj\u0119cia sportowe dla dzieci? Odwied\u017a nas w Ursynowie<\/h2>\n<p style=\"text-align: justify\">Badminton to co\u015b wi\u0119cej, ni\u017c pogo\u0144 za lotk\u0105 po ca\u0142ej szeroko\u015bci kortu. To intensywna gra rywalizacyjna, podczas kt\u00f3rej sprawdza si\u0119 swoj\u0105 wytrzyma\u0142o\u015b\u0107. Nasza propozycja to <b>zaj\u0119cia sportowe<\/b> pozwalaj\u0105ce maluchom nabra\u0107 pewno\u015bci siebie i nauczy\u0107 si\u0119 samodyscypliny. Z pewno\u015bci\u0105 te warto\u015bci wp\u0142yn\u0105 na ukszta\u0142towanie ich cech charakteru w przysz\u0142o\u015bci. Zaj\u0119cia organizowane s\u0105 tak\u017ce na obiektach sportowych na Ursynowie. Zach\u0119camy do wykupienia karnet\u00f3w treningowych na <b>zaj\u0119cia sportowe dla dzieci<\/b>. Opr\u00f3cz trening\u00f3w organizujemy wyjazdy sportowe, r\u00f3wnie\u017c za granic\u0119, w tym na obozy szkoleniowe. Serdecznie zach\u0119camy rodzic\u00f3w do kontaktu!<\/p>\n<h2>ZAJ\u0118CIA BADMINTONA DLA DZIECI Z URSYNOWA \u2013 POSTAW NA ROZW\u00d3J<\/h2>\n<p style=\"text-align: justify\"><strong>Zaj\u0119cia<\/strong> <strong>dla dzieci <\/strong>na<strong> warszawskim Ursynowie<\/strong> to doskona\u0142a okazja do rozwoju nie tylko fizycznego, ale r\u00f3wnie\u017c psychicznego dzieci. Badminton, jako sport wymagaj\u0105cy koncentracji i precyzji, pomaga w budowaniu pewno\u015bci siebie oraz samodyscypliny. Dzi\u0119ki regularnym treningom podczas <strong>zaj\u0119\u0107 dla dzieci<\/strong> ucz\u0105 si\u0119 one nie tylko techniki gry, ale r\u00f3wnie\u017c radzenia sobie w rywalizacji. Do\u015bwiadczeni trenerzy zadbaj\u0105 o atmosfer\u0119 pe\u0142n\u0105 rado\u015bci i wsparcia, co sprawia, \u017ce ka\u017cdy uczestnik czuje si\u0119 zmotywowany do dalszego rozwoju. <strong>Zaj\u0119cia dla dzieci <\/strong>w naszej akademii s\u0105 dostosowane do r\u00f3\u017cnych poziom\u00f3w umiej\u0119tno\u015bci, zar\u00f3wno dla pocz\u0105tkuj\u0105cych, jak i tych bardziej zaawansowanych. By\u0107 mo\u017ce to w\u0142a\u015bnie badminton stanie si\u0119 pasj\u0105 Twojej pociechy!<\/p>\n\n        <div style=\"display: flex; justify-content: center;flex-direction: column; margin-top: 50px;\">\n            <h2 style=\"margin-left: 0;text-align: center;text-transform: uppercase; color: #0b716a; font-weight: 600;\">Zapisz si\u0119<\/h2>\n            <img loading=\"lazy\" decoding=\"async\" style=\"margin: auto;\" src=\"https:\/\/akademiabadmintona.pl\/warszawa\/wp-content\/themes\/akademia\/images\/hr.png\" width=\"177\" height=\"4\" alt=\"\">\n            <div style=\"display:flex; justify-content: center; flex-direction: row; gap: 20px; margin-top: 15px;\">\n                <a class=\"btn btn-orange2 btn-md\" href=\"\/warszawa\/grafik-a\/\">Grafik A<\/a>\n                <a class=\"btn btn-orange2 btn-md\" href=\"\/warszawa\/grafik-b\/\">Grafik B<\/a>\n            <\/div>\n        <\/div>\n","protected":false},"excerpt":{"rendered":"<p>Sprawd\u017a si\u0119 na zaj\u0119ciach sportowych dla dzieci na Ursynowie Rozpocznij przygod\u0119 z tak pi\u0119knym sportem, jakim jest badminton. Jeste\u015bmy grup\u0105 [&hellip;]<\/p>\n","protected":false},"author":4,"featured_media":628,"parent":0,"menu_order":0,"comment_status":"closed","ping_status":"closed","template":"","meta":{"_acf_changed":false,"footnotes":""},"class_list":["post-1395","page","type-page","status-publish","has-post-thumbnail","hentry"],"acf":[],"yoast_head":"<!-- This site is optimized with the Yoast SEO plugin v25.5 - https:\/\/yoast.com\/wordpress\/plugins\/seo\/ -->\n<title>Zaj\u0119cia sportowe dla dzieci \u2013 Ursyn\u00f3w \u2013 Akademia badmintona<\/title>\n<meta name=\"description\" content=\"Zaj\u0119cia dla dzieci Warszawa Ursyn\u00f3w \u2013 Akademia Badmintona oferuje treningi, kt\u00f3re rozwijaj\u0105 sportowe pasje, kondycj\u0119 i rado\u015b\u0107 z aktywno\u015bci fizycznej.\" \/>\n<meta name=\"robots\" content=\"index, follow, max-snippet:-1, max-image-preview:large, max-video-preview:-1\" \/>\n<link rel=\"canonical\" href=\"https:\/\/akademiabadmintona.pl\/warszawa\/zajecia-dla-dzieci-ursynow\/\" \/>\n<meta property=\"og:locale\" content=\"pl_PL\" \/>\n<meta property=\"og:type\" content=\"article\" \/>\n<meta property=\"og:title\" content=\"Zaj\u0119cia sportowe dla dzieci \u2013 Ursyn\u00f3w \u2013 Akademia badmintona\" \/>\n<meta property=\"og:description\" content=\"Zaj\u0119cia dla dzieci Warszawa Ursyn\u00f3w \u2013 Akademia Badmintona oferuje treningi, kt\u00f3re rozwijaj\u0105 sportowe pasje, kondycj\u0119 i rado\u015b\u0107 z aktywno\u015bci fizycznej.\" \/>\n<meta property=\"og:url\" content=\"https:\/\/akademiabadmintona.pl\/warszawa\/zajecia-dla-dzieci-ursynow\/\" \/>\n<meta property=\"og:site_name\" content=\"Akademia badmintona | Warszawa\" \/>\n<meta property=\"article:modified_time\" content=\"2025-05-15T06:31:15+00:00\" \/>\n<meta property=\"og:image\" content=\"https:\/\/akademiabadmintona.pl\/warszawa\/wp-content\/uploads\/sites\/6\/2021\/05\/187796930_4662442637105674_5433886454071671463_n.jpg\" \/>\n\t<meta property=\"og:image:width\" content=\"2048\" \/>\n\t<meta property=\"og:image:height\" content=\"1365\" \/>\n\t<meta property=\"og:image:type\" content=\"image\/jpeg\" \/>\n<meta name=\"twitter:card\" content=\"summary_large_image\" \/>\n<meta name=\"twitter:label1\" content=\"Szacowany czas czytania\" \/>\n\t<meta name=\"twitter:data1\" content=\"1 minuta\" \/>\n<script type=\"application\/ld+json\" class=\"yoast-schema-graph\">{\"@context\":\"https:\/\/schema.org\",\"@graph\":[{\"@type\":\"WebPage\",\"@id\":\"https:\/\/akademiabadmintona.pl\/warszawa\/zajecia-dla-dzieci-ursynow\/\",\"url\":\"https:\/\/akademiabadmintona.pl\/warszawa\/zajecia-dla-dzieci-ursynow\/\",\"name\":\"Zaj\u0119cia sportowe dla dzieci \u2013 Ursyn\u00f3w \u2013 Akademia badmintona\",\"isPartOf\":{\"@id\":\"https:\/\/akademiabadmintona.pl\/warszawa\/#website\"},\"primaryImageOfPage\":{\"@id\":\"https:\/\/akademiabadmintona.pl\/warszawa\/zajecia-dla-dzieci-ursynow\/#primaryimage\"},\"image\":{\"@id\":\"https:\/\/akademiabadmintona.pl\/warszawa\/zajecia-dla-dzieci-ursynow\/#primaryimage\"},\"thumbnailUrl\":\"https:\/\/akademiabadmintona.pl\/warszawa\/wp-content\/uploads\/sites\/6\/2021\/05\/187796930_4662442637105674_5433886454071671463_n.jpg\",\"datePublished\":\"2024-10-14T11:38:19+00:00\",\"dateModified\":\"2025-05-15T06:31:15+00:00\",\"description\":\"Zaj\u0119cia dla dzieci Warszawa Ursyn\u00f3w \u2013 Akademia Badmintona oferuje treningi, kt\u00f3re rozwijaj\u0105 sportowe pasje, kondycj\u0119 i rado\u015b\u0107 z aktywno\u015bci fizycznej.\",\"breadcrumb\":{\"@id\":\"https:\/\/akademiabadmintona.pl\/warszawa\/zajecia-dla-dzieci-ursynow\/#breadcrumb\"},\"inLanguage\":\"pl-PL\",\"potentialAction\":[{\"@type\":\"ReadAction\",\"target\":[\"https:\/\/akademiabadmintona.pl\/warszawa\/zajecia-dla-dzieci-ursynow\/\"]}]},{\"@type\":\"ImageObject\",\"inLanguage\":\"pl-PL\",\"@id\":\"https:\/\/akademiabadmintona.pl\/warszawa\/zajecia-dla-dzieci-ursynow\/#primaryimage\",\"url\":\"https:\/\/akademiabadmintona.pl\/warszawa\/wp-content\/uploads\/sites\/6\/2021\/05\/187796930_4662442637105674_5433886454071671463_n.jpg\",\"contentUrl\":\"https:\/\/akademiabadmintona.pl\/warszawa\/wp-content\/uploads\/sites\/6\/2021\/05\/187796930_4662442637105674_5433886454071671463_n.jpg\",\"width\":2048,\"height\":1365},{\"@type\":\"BreadcrumbList\",\"@id\":\"https:\/\/akademiabadmintona.pl\/warszawa\/zajecia-dla-dzieci-ursynow\/#breadcrumb\",\"itemListElement\":[{\"@type\":\"ListItem\",\"position\":1,\"name\":\"Strona g\u0142\u00f3wna\",\"item\":\"https:\/\/akademiabadmintona.pl\/warszawa\/\"},{\"@type\":\"ListItem\",\"position\":2,\"name\":\"Zaj\u0119cia dla dzieci &#8211; Ursyn\u00f3w\"}]},{\"@type\":\"WebSite\",\"@id\":\"https:\/\/akademiabadmintona.pl\/warszawa\/#website\",\"url\":\"https:\/\/akademiabadmintona.pl\/warszawa\/\",\"name\":\"Akademia badmintona | Warszawa\",\"description\":\"Kolejna witryna sieci \u201eAkademia badmintona Witryn\u201d\",\"publisher\":{\"@id\":\"https:\/\/akademiabadmintona.pl\/warszawa\/#organization\"},\"potentialAction\":[{\"@type\":\"SearchAction\",\"target\":{\"@type\":\"EntryPoint\",\"urlTemplate\":\"https:\/\/akademiabadmintona.pl\/warszawa\/?s={search_term_string}\"},\"query-input\":{\"@type\":\"PropertyValueSpecification\",\"valueRequired\":true,\"valueName\":\"search_term_string\"}}],\"inLanguage\":\"pl-PL\"},{\"@type\":\"Organization\",\"@id\":\"https:\/\/akademiabadmintona.pl\/warszawa\/#organization\",\"name\":\"Akademia badmintona | Warszawa\",\"url\":\"https:\/\/akademiabadmintona.pl\/warszawa\/\",\"logo\":{\"@type\":\"ImageObject\",\"inLanguage\":\"pl-PL\",\"@id\":\"https:\/\/akademiabadmintona.pl\/warszawa\/#\/schema\/logo\/image\/\",\"url\":\"https:\/\/akademiabadmintona.pl\/warszawa\/wp-content\/uploads\/sites\/6\/2021\/06\/logo2a.png\",\"contentUrl\":\"https:\/\/akademiabadmintona.pl\/warszawa\/wp-content\/uploads\/sites\/6\/2021\/06\/logo2a.png\",\"width\":312,\"height\":171,\"caption\":\"Akademia badmintona | Warszawa\"},\"image\":{\"@id\":\"https:\/\/akademiabadmintona.pl\/warszawa\/#\/schema\/logo\/image\/\"}}]}<\/script>\n<!-- \/ Yoast SEO plugin. -->","yoast_head_json":{"title":"Zaj\u0119cia sportowe dla dzieci \u2013 Ursyn\u00f3w \u2013 Akademia badmintona","description":"Zaj\u0119cia dla dzieci Warszawa Ursyn\u00f3w \u2013 Akademia Badmintona oferuje treningi, kt\u00f3re rozwijaj\u0105 sportowe pasje, kondycj\u0119 i rado\u015b\u0107 z aktywno\u015bci fizycznej.","robots":{"index":"index","follow":"follow","max-snippet":"max-snippet:-1","max-image-preview":"max-image-preview:large","max-video-preview":"max-video-preview:-1"},"canonical":"https:\/\/akademiabadmintona.pl\/warszawa\/zajecia-dla-dzieci-ursynow\/","og_locale":"pl_PL","og_type":"article","og_title":"Zaj\u0119cia sportowe dla dzieci \u2013 Ursyn\u00f3w \u2013 Akademia badmintona","og_description":"Zaj\u0119cia dla dzieci Warszawa Ursyn\u00f3w \u2013 Akademia Badmintona oferuje treningi, kt\u00f3re rozwijaj\u0105 sportowe pasje, kondycj\u0119 i rado\u015b\u0107 z aktywno\u015bci fizycznej.","og_url":"https:\/\/akademiabadmintona.pl\/warszawa\/zajecia-dla-dzieci-ursynow\/","og_site_name":"Akademia badmintona | Warszawa","article_modified_time":"2025-05-15T06:31:15+00:00","og_image":[{"width":2048,"height":1365,"url":"https:\/\/akademiabadmintona.pl\/warszawa\/wp-content\/uploads\/sites\/6\/2021\/05\/187796930_4662442637105674_5433886454071671463_n.jpg","type":"image\/jpeg"}],"twitter_card":"summary_large_image","twitter_misc":{"Szacowany czas czytania":"1 minuta"},"schema":{"@context":"https:\/\/schema.org","@graph":[{"@type":"WebPage","@id":"https:\/\/akademiabadmintona.pl\/warszawa\/zajecia-dla-dzieci-ursynow\/","url":"https:\/\/akademiabadmintona.pl\/warszawa\/zajecia-dla-dzieci-ursynow\/","name":"Zaj\u0119cia sportowe dla dzieci \u2013 Ursyn\u00f3w \u2013 Akademia badmintona","isPartOf":{"@id":"https:\/\/akademiabadmintona.pl\/warszawa\/#website"},"primaryImageOfPage":{"@id":"https:\/\/akademiabadmintona.pl\/warszawa\/zajecia-dla-dzieci-ursynow\/#primaryimage"},"image":{"@id":"https:\/\/akademiabadmintona.pl\/warszawa\/zajecia-dla-dzieci-ursynow\/#primaryimage"},"thumbnailUrl":"https:\/\/akademiabadmintona.pl\/warszawa\/wp-content\/uploads\/sites\/6\/2021\/05\/187796930_4662442637105674_5433886454071671463_n.jpg","datePublished":"2024-10-14T11:38:19+00:00","dateModified":"2025-05-15T06:31:15+00:00","description":"Zaj\u0119cia dla dzieci Warszawa Ursyn\u00f3w \u2013 Akademia Badmintona oferuje treningi, kt\u00f3re rozwijaj\u0105 sportowe pasje, kondycj\u0119 i rado\u015b\u0107 z aktywno\u015bci fizycznej.","breadcrumb":{"@id":"https:\/\/akademiabadmintona.pl\/warszawa\/zajecia-dla-dzieci-ursynow\/#breadcrumb"},"inLanguage":"pl-PL","potentialAction":[{"@type":"ReadAction","target":["https:\/\/akademiabadmintona.pl\/warszawa\/zajecia-dla-dzieci-ursynow\/"]}]},{"@type":"ImageObject","inLanguage":"pl-PL","@id":"https:\/\/akademiabadmintona.pl\/warszawa\/zajecia-dla-dzieci-ursynow\/#primaryimage","url":"https:\/\/akademiabadmintona.pl\/warszawa\/wp-content\/uploads\/sites\/6\/2021\/05\/187796930_4662442637105674_5433886454071671463_n.jpg","contentUrl":"https:\/\/akademiabadmintona.pl\/warszawa\/wp-content\/uploads\/sites\/6\/2021\/05\/187796930_4662442637105674_5433886454071671463_n.jpg","width":2048,"height":1365},{"@type":"BreadcrumbList","@id":"https:\/\/akademiabadmintona.pl\/warszawa\/zajecia-dla-dzieci-ursynow\/#breadcrumb","itemListElement":[{"@type":"ListItem","position":1,"name":"Strona g\u0142\u00f3wna","item":"https:\/\/akademiabadmintona.pl\/warszawa\/"},{"@type":"ListItem","position":2,"name":"Zaj\u0119cia dla dzieci &#8211; Ursyn\u00f3w"}]},{"@type":"WebSite","@id":"https:\/\/akademiabadmintona.pl\/warszawa\/#website","url":"https:\/\/akademiabadmintona.pl\/warszawa\/","name":"Akademia badmintona | Warszawa","description":"Kolejna witryna sieci \u201eAkademia badmintona Witryn\u201d","publisher":{"@id":"https:\/\/akademiabadmintona.pl\/warszawa\/#organization"},"potentialAction":[{"@type":"SearchAction","target":{"@type":"EntryPoint","urlTemplate":"https:\/\/akademiabadmintona.pl\/warszawa\/?s={search_term_string}"},"query-input":{"@type":"PropertyValueSpecification","valueRequired":true,"valueName":"search_term_string"}}],"inLanguage":"pl-PL"},{"@type":"Organization","@id":"https:\/\/akademiabadmintona.pl\/warszawa\/#organization","name":"Akademia badmintona | Warszawa","url":"https:\/\/akademiabadmintona.pl\/warszawa\/","logo":{"@type":"ImageObject","inLanguage":"pl-PL","@id":"https:\/\/akademiabadmintona.pl\/warszawa\/#\/schema\/logo\/image\/","url":"https:\/\/akademiabadmintona.pl\/warszawa\/wp-content\/uploads\/sites\/6\/2021\/06\/logo2a.png","contentUrl":"https:\/\/akademiabadmintona.pl\/warszawa\/wp-content\/uploads\/sites\/6\/2021\/06\/logo2a.png","width":312,"height":171,"caption":"Akademia badmintona | Warszawa"},"image":{"@id":"https:\/\/akademiabadmintona.pl\/warszawa\/#\/schema\/logo\/image\/"}}]}},"_links":{"self":[{"href":"https:\/\/akademiabadmintona.pl\/warszawa\/wp-json\/wp\/v2\/pages\/1395","targetHints":{"allow":["GET"]}}],"collection":[{"href":"https:\/\/akademiabadmintona.pl\/warszawa\/wp-json\/wp\/v2\/pages"}],"about":[{"href":"https:\/\/akademiabadmintona.pl\/warszawa\/wp-json\/wp\/v2\/types\/page"}],"author":[{"embeddable":true,"href":"https:\/\/akademiabadmintona.pl\/warszawa\/wp-json\/wp\/v2\/users\/4"}],"replies":[{"embeddable":true,"href":"https:\/\/akademiabadmintona.pl\/warszawa\/wp-json\/wp\/v2\/comments?post=1395"}],"version-history":[{"count":7,"href":"https:\/\/akademiabadmintona.pl\/warszawa\/wp-json\/wp\/v2\/pages\/1395\/revisions"}],"predecessor-version":[{"id":1463,"href":"https:\/\/akademiabadmintona.pl\/warszawa\/wp-json\/wp\/v2\/pages\/1395\/revisions\/1463"}],"wp:featuredmedia":[{"embeddable":true,"href":"https:\/\/akademiabadmintona.pl\/warszawa\/wp-json\/wp\/v2\/media\/628"}],"wp:attachment":[{"href":"https:\/\/akademiabadmintona.pl\/warszawa\/wp-json\/wp\/v2\/media?parent=1395"}],"curies":[{"name":"wp","href":"https:\/\/api.w.org\/{rel}","templated":true}]}}