{"id":379,"date":"2021-06-04T18:10:34","date_gmt":"2021-06-04T16:10:34","guid":{"rendered":"http:\/\/localhost\/akademia\/krakow\/?page_id=379"},"modified":"2023-07-10T22:02:37","modified_gmt":"2023-07-10T20:02:37","slug":"english","status":"publish","type":"page","link":"https:\/\/akademiabadmintona.pl\/warszawa\/english\/","title":{"rendered":"English"},"content":{"rendered":"<p><strong>In our offer you can find:<\/strong><br \/>\n&#8211; group trainings for adults<br \/>\n&#8211; group trainings for children<br \/>\n&#8211; individual training for adults<br \/>\n&#8211; Trainings for companies<br \/>\n&#8211; tournaments for amateurs<br \/>\n&#8211; sports camps for all those interested<\/p>\n<p>We are offering group and individual badminton classes in sports clubs all over Warsaw. You can come without a racket, and we will select perfect equipment just for you as well as sparingpartner at your level!<br \/>\nWe do not have an offer to rent courts.<\/p>\n<p><strong>Group training dates<\/strong><br \/>\nMondays 19-21 Lavo doubles league &#8222;LAVO&#8221; Geodet\u00f3w 23E, J\u00f3zefos\u0142aw<br \/>\nTuesdays 20-21 adult group OSiR Solec, Solec 71<br \/>\n21-22 adult group OSiR Solec, Solec 71<br \/>\nWednesdays 8-9.30 pm adult group &#8222;Lavo&#8221;, Geodet\u00f3w 23E, J\u00f3zefos\u0142aw<br \/>\nThursdays 6.00 pm &#8211; 7.10 pm adults\/children group Popie\u0142uszki 5<br \/>\n7.15 pm &#8211; 8.25 pm adults\/children group Popie\u0142uszki 5<br \/>\nSaturdays 1 p.m. &#8211; 3 p.m. singles league ,,Kahuna,, Zawodzie 26<br \/>\n14 p.m. &#8211; 3 p.m. adult group ,,Kahuna,, Zawodzie 26<br \/>\n15 p.m. &#8211; 4 p.m. adult\/child group ,,Kahuna,, Zawodzie 26<br \/>\nSunday 19.00-21.00 doubles league ,,Kahuna,, Zawodzie 26<\/p>\n<p><strong>The cost of individual training:<\/strong> 130 PLN + the price of the court<br \/>\n<strong>The cost of group training<\/strong>: 280 PLN (4 trainings in a month to be payed at the first training)<br \/>\n<strong>Cost of single group training<\/strong>: 80 PLN<\/p>\n<p>&nbsp;<\/p>\n","protected":false},"excerpt":{"rendered":"<p>In our offer you can find: &#8211; group trainings for adults &#8211; group trainings for children &#8211; individual training for [&hellip;]<\/p>\n","protected":false},"author":1,"featured_media":0,"parent":0,"menu_order":0,"comment_status":"closed","ping_status":"closed","template":"","meta":{"_acf_changed":false,"footnotes":""},"class_list":["post-379","page","type-page","status-publish","hentry"],"acf":[],"yoast_head":"<!-- This site is optimized with the Yoast SEO plugin v25.5 - https:\/\/yoast.com\/wordpress\/plugins\/seo\/ -->\n<title>English - Akademia badmintona | Warszawa<\/title>\n<meta name=\"robots\" content=\"index, follow, max-snippet:-1, max-image-preview:large, max-video-preview:-1\" \/>\n<link rel=\"canonical\" href=\"https:\/\/akademiabadmintona.pl\/warszawa\/english\/\" \/>\n<meta property=\"og:locale\" content=\"pl_PL\" \/>\n<meta property=\"og:type\" content=\"article\" \/>\n<meta property=\"og:title\" content=\"English - Akademia badmintona | Warszawa\" \/>\n<meta property=\"og:description\" content=\"In our offer you can find: &#8211; group trainings for adults &#8211; group trainings for children &#8211; individual training for [&hellip;]\" \/>\n<meta property=\"og:url\" content=\"https:\/\/akademiabadmintona.pl\/warszawa\/english\/\" \/>\n<meta property=\"og:site_name\" content=\"Akademia badmintona | Warszawa\" \/>\n<meta property=\"article:modified_time\" content=\"2023-07-10T20:02:37+00:00\" \/>\n<meta property=\"og:image\" content=\"https:\/\/akademiabadmintona.pl\/warszawa\/wp-content\/uploads\/sites\/6\/2021\/06\/logo2a.png\" \/>\n\t<meta property=\"og:image:width\" content=\"312\" \/>\n\t<meta property=\"og:image:height\" content=\"171\" \/>\n\t<meta property=\"og:image:type\" content=\"image\/png\" \/>\n<meta name=\"twitter:card\" content=\"summary_large_image\" \/>\n<meta name=\"twitter:label1\" content=\"Szacowany czas czytania\" \/>\n\t<meta name=\"twitter:data1\" content=\"2 minuty\" \/>\n<script type=\"application\/ld+json\" class=\"yoast-schema-graph\">{\"@context\":\"https:\/\/schema.org\",\"@graph\":[{\"@type\":\"WebPage\",\"@id\":\"https:\/\/akademiabadmintona.pl\/warszawa\/english\/\",\"url\":\"https:\/\/akademiabadmintona.pl\/warszawa\/english\/\",\"name\":\"English - Akademia badmintona | Warszawa\",\"isPartOf\":{\"@id\":\"https:\/\/akademiabadmintona.pl\/warszawa\/#website\"},\"datePublished\":\"2021-06-04T16:10:34+00:00\",\"dateModified\":\"2023-07-10T20:02:37+00:00\",\"breadcrumb\":{\"@id\":\"https:\/\/akademiabadmintona.pl\/warszawa\/english\/#breadcrumb\"},\"inLanguage\":\"pl-PL\",\"potentialAction\":[{\"@type\":\"ReadAction\",\"target\":[\"https:\/\/akademiabadmintona.pl\/warszawa\/english\/\"]}]},{\"@type\":\"BreadcrumbList\",\"@id\":\"https:\/\/akademiabadmintona.pl\/warszawa\/english\/#breadcrumb\",\"itemListElement\":[{\"@type\":\"ListItem\",\"position\":1,\"name\":\"Strona g\u0142\u00f3wna\",\"item\":\"https:\/\/akademiabadmintona.pl\/warszawa\/\"},{\"@type\":\"ListItem\",\"position\":2,\"name\":\"English\"}]},{\"@type\":\"WebSite\",\"@id\":\"https:\/\/akademiabadmintona.pl\/warszawa\/#website\",\"url\":\"https:\/\/akademiabadmintona.pl\/warszawa\/\",\"name\":\"Akademia badmintona | Warszawa\",\"description\":\"Kolejna witryna sieci \u201eAkademia badmintona Witryn\u201d\",\"publisher\":{\"@id\":\"https:\/\/akademiabadmintona.pl\/warszawa\/#organization\"},\"potentialAction\":[{\"@type\":\"SearchAction\",\"target\":{\"@type\":\"EntryPoint\",\"urlTemplate\":\"https:\/\/akademiabadmintona.pl\/warszawa\/?s={search_term_string}\"},\"query-input\":{\"@type\":\"PropertyValueSpecification\",\"valueRequired\":true,\"valueName\":\"search_term_string\"}}],\"inLanguage\":\"pl-PL\"},{\"@type\":\"Organization\",\"@id\":\"https:\/\/akademiabadmintona.pl\/warszawa\/#organization\",\"name\":\"Akademia badmintona | Warszawa\",\"url\":\"https:\/\/akademiabadmintona.pl\/warszawa\/\",\"logo\":{\"@type\":\"ImageObject\",\"inLanguage\":\"pl-PL\",\"@id\":\"https:\/\/akademiabadmintona.pl\/warszawa\/#\/schema\/logo\/image\/\",\"url\":\"https:\/\/akademiabadmintona.pl\/warszawa\/wp-content\/uploads\/sites\/6\/2021\/06\/logo2a.png\",\"contentUrl\":\"https:\/\/akademiabadmintona.pl\/warszawa\/wp-content\/uploads\/sites\/6\/2021\/06\/logo2a.png\",\"width\":312,\"height\":171,\"caption\":\"Akademia badmintona | Warszawa\"},\"image\":{\"@id\":\"https:\/\/akademiabadmintona.pl\/warszawa\/#\/schema\/logo\/image\/\"}}]}<\/script>\n<!-- \/ Yoast SEO plugin. -->","yoast_head_json":{"title":"English - Akademia badmintona | Warszawa","robots":{"index":"index","follow":"follow","max-snippet":"max-snippet:-1","max-image-preview":"max-image-preview:large","max-video-preview":"max-video-preview:-1"},"canonical":"https:\/\/akademiabadmintona.pl\/warszawa\/english\/","og_locale":"pl_PL","og_type":"article","og_title":"English - Akademia badmintona | Warszawa","og_description":"In our offer you can find: &#8211; group trainings for adults &#8211; group trainings for children &#8211; individual training for [&hellip;]","og_url":"https:\/\/akademiabadmintona.pl\/warszawa\/english\/","og_site_name":"Akademia badmintona | Warszawa","article_modified_time":"2023-07-10T20:02:37+00:00","og_image":[{"width":312,"height":171,"url":"https:\/\/akademiabadmintona.pl\/warszawa\/wp-content\/uploads\/sites\/6\/2021\/06\/logo2a.png","type":"image\/png"}],"twitter_card":"summary_large_image","twitter_misc":{"Szacowany czas czytania":"2 minuty"},"schema":{"@context":"https:\/\/schema.org","@graph":[{"@type":"WebPage","@id":"https:\/\/akademiabadmintona.pl\/warszawa\/english\/","url":"https:\/\/akademiabadmintona.pl\/warszawa\/english\/","name":"English - Akademia badmintona | Warszawa","isPartOf":{"@id":"https:\/\/akademiabadmintona.pl\/warszawa\/#website"},"datePublished":"2021-06-04T16:10:34+00:00","dateModified":"2023-07-10T20:02:37+00:00","breadcrumb":{"@id":"https:\/\/akademiabadmintona.pl\/warszawa\/english\/#breadcrumb"},"inLanguage":"pl-PL","potentialAction":[{"@type":"ReadAction","target":["https:\/\/akademiabadmintona.pl\/warszawa\/english\/"]}]},{"@type":"BreadcrumbList","@id":"https:\/\/akademiabadmintona.pl\/warszawa\/english\/#breadcrumb","itemListElement":[{"@type":"ListItem","position":1,"name":"Strona g\u0142\u00f3wna","item":"https:\/\/akademiabadmintona.pl\/warszawa\/"},{"@type":"ListItem","position":2,"name":"English"}]},{"@type":"WebSite","@id":"https:\/\/akademiabadmintona.pl\/warszawa\/#website","url":"https:\/\/akademiabadmintona.pl\/warszawa\/","name":"Akademia badmintona | Warszawa","description":"Kolejna witryna sieci \u201eAkademia badmintona Witryn\u201d","publisher":{"@id":"https:\/\/akademiabadmintona.pl\/warszawa\/#organization"},"potentialAction":[{"@type":"SearchAction","target":{"@type":"EntryPoint","urlTemplate":"https:\/\/akademiabadmintona.pl\/warszawa\/?s={search_term_string}"},"query-input":{"@type":"PropertyValueSpecification","valueRequired":true,"valueName":"search_term_string"}}],"inLanguage":"pl-PL"},{"@type":"Organization","@id":"https:\/\/akademiabadmintona.pl\/warszawa\/#organization","name":"Akademia badmintona | Warszawa","url":"https:\/\/akademiabadmintona.pl\/warszawa\/","logo":{"@type":"ImageObject","inLanguage":"pl-PL","@id":"https:\/\/akademiabadmintona.pl\/warszawa\/#\/schema\/logo\/image\/","url":"https:\/\/akademiabadmintona.pl\/warszawa\/wp-content\/uploads\/sites\/6\/2021\/06\/logo2a.png","contentUrl":"https:\/\/akademiabadmintona.pl\/warszawa\/wp-content\/uploads\/sites\/6\/2021\/06\/logo2a.png","width":312,"height":171,"caption":"Akademia badmintona | Warszawa"},"image":{"@id":"https:\/\/akademiabadmintona.pl\/warszawa\/#\/schema\/logo\/image\/"}}]}},"_links":{"self":[{"href":"https:\/\/akademiabadmintona.pl\/warszawa\/wp-json\/wp\/v2\/pages\/379","targetHints":{"allow":["GET"]}}],"collection":[{"href":"https:\/\/akademiabadmintona.pl\/warszawa\/wp-json\/wp\/v2\/pages"}],"about":[{"href":"https:\/\/akademiabadmintona.pl\/warszawa\/wp-json\/wp\/v2\/types\/page"}],"author":[{"embeddable":true,"href":"https:\/\/akademiabadmintona.pl\/warszawa\/wp-json\/wp\/v2\/users\/1"}],"replies":[{"embeddable":true,"href":"https:\/\/akademiabadmintona.pl\/warszawa\/wp-json\/wp\/v2\/comments?post=379"}],"version-history":[{"count":4,"href":"https:\/\/akademiabadmintona.pl\/warszawa\/wp-json\/wp\/v2\/pages\/379\/revisions"}],"predecessor-version":[{"id":1202,"href":"https:\/\/akademiabadmintona.pl\/warszawa\/wp-json\/wp\/v2\/pages\/379\/revisions\/1202"}],"wp:attachment":[{"href":"https:\/\/akademiabadmintona.pl\/warszawa\/wp-json\/wp\/v2\/media?parent=379"}],"curies":[{"name":"wp","href":"https:\/\/api.w.org\/{rel}","templated":true}]}}