{"id":8,"date":"2021-05-22T12:11:14","date_gmt":"2021-05-22T10:11:14","guid":{"rendered":"http:\/\/localhost\/akademia\/krakow\/?page_id=8"},"modified":"2026-02-19T15:28:12","modified_gmt":"2026-02-19T14:28:12","slug":"strona-glowna","status":"publish","type":"page","link":"https:\/\/akademiabadmintona.pl\/warszawa\/","title":{"rendered":"Strona G\u0142\u00f3wna"},"content":{"rendered":"<h2 style=\"text-align: center;font-weight: 500\">Akademia Badmintona Warszawa \u2013 Twoja przygoda z badmintonem czeka!<\/h2>\n<p><span style=\"font-weight: 400\">Szukasz pe\u0142nych rado\u015bci i aktywno\u015bci zaj\u0119\u0107 dla siebie lub swojego dziecka w<\/span><b> Warszawie<\/b><span style=\"font-weight: 400\">? Akademia Badmintona to idealne miejsce, <\/span><span style=\"font-weight: 400\">aby rozpocz\u0105\u0107 <\/span><b>nauk\u0119 gry w badmintona <\/b><span style=\"font-weight: 400\">lub doskonali\u0107 swoje umiej\u0119tno\u015bci pod okiem profesjonalnych trener\u00f3w. Prowadzimy zaj\u0119cia zar\u00f3wno dla dzieci, m\u0142odzie\u017cy, jak i doros\u0142ych, bez wzgl\u0119du na poziom zaawansowania. Nasze treningi to nie tylko sport, ale tak\u017ce \u015bwietny spos\u00f3b na rozw\u00f3j kondycji, koncentracji i pewno\u015bci siebie. <\/span><span style=\"font-weight: 400\">Niezale\u017cnie od tego, czy mieszkasz na <\/span><b>Pradze, Wawrze, Goc\u0142awiu, w Z\u0105bkach, Pruszkowie <\/b><span style=\"font-weight: 400\">czy w innej dzielnicy stolicy, mamy co\u015b dla Ciebie! <\/span><span style=\"font-weight: 400\">\u00a0<\/span><b>Nauka<\/b> <b>gry w <\/b><b>badmintona<\/b><span style=\"font-weight: 400\"> dla dzieci i m\u0142odzie\u017cy<\/span><span style=\"font-weight: 400\"> w naszej akademii to po\u0142\u0105czenie sportowej pasji, dobrej zabawy i systematycznego rozwoju umiej\u0119tno\u015bci.<\/span><\/p>\n<p><span style=\"font-weight: 400\">Ucz\u0119szczaj\u0105c <\/span><span style=\"font-weight: 400\">na zaj\u0119cia<\/span><span style=\"font-weight: 400\">, zyskasz szereg korzy\u015bci, do kt\u00f3rych nale\u017c\u0105 m.in.:<\/span><\/p>\n<ul style=\"font-size: 0.9rem\">\n<li>poprawa kondycji fizycznej i koordynacji ruchowej,<\/li>\n<li>rozw\u00f3j szybko\u015bci, zwinno\u015bci oraz refleksu,<\/li>\n<li>nauka strategicznego my\u015blenia i podejmowania decyzji,<\/li>\n<li>budowanie pewno\u015bci siebie, a tak\u017ce umiej\u0119tno\u015bci pracy w zespole,<\/li>\n<li>\u015bwietna zabawa i aktywny wypoczynek.<\/li>\n<\/ul>\n<p>Nie czekaj! Zapisz si\u0119 ju\u017c dzi\u015b na zaj\u0119cia z <strong>trenerem<\/strong> w Akademii <strong>Badmintona<\/strong> w <strong>Warszawie<\/strong> i rozpocznij swoj\u0105 przygod\u0119 z tym fantastycznym sportem! Jeste\u015b z <strong>Pragi<\/strong>, <strong>Wawra<\/strong>, <strong>Goc\u0142awia<\/strong>, <strong>Z\u0105bek<\/strong> czy <strong>Pruszkowa<\/strong>? Czekamy na Ciebie! Do zobaczenia na korcie!<\/p>\n<h2 style=\"text-align: center;font-weight: 500\">Sklep z akcesoriami do badmintona \u2013 wszystko, czego potrzebujesz do gry, w jednym miejscu!<\/h2>\n<p>Marzysz o nowej rakiecie, kt\u00f3ra pozwoli Ci osi\u0105gn\u0105\u0107 mistrzowski poziom? A mo\u017ce potrzebujesz zapasu lotek, kt\u00f3re zapewni\u0105 Ci d\u0142ugie i emocjonuj\u0105ce wymiany? W naszym <strong>sklepie<\/strong> znajdziesz wszystko, czego dusza zapragnie, aby w pe\u0142ni cieszy\u0107 si\u0119 gr\u0105 w <strong>badmintona<\/strong>! To prawdziwy raj dla mi\u0142o\u015bnik\u00f3w tej dyscypliny. Znajdziesz w nim produkty, kt\u00f3re sprostaj\u0105 oczekiwaniom zar\u00f3wno pocz\u0105tkuj\u0105cych, jak i zaawansowanych graczy. Dbamy o to, aby asortyment by\u0142 stale aktualizowany, oferuj\u0105c najnowsze modele rakiet, lotek, obuwia oraz akcesori\u00f3w. Niezale\u017cnie od tego, czy szukasz rakiety o wi\u0119kszej mocy, czy te\u017c lekkich i precyzyjnych lotek, zapewnimy Ci to, czego potrzebujesz do efektywnej gry w <strong>badmintona<\/strong>. Odwied\u017a nasz <strong>sklep<\/strong> i wybierz sprz\u0119t, kt\u00f3ry pozwoli Ci w pe\u0142ni cieszy\u0107 si\u0119 t\u0105 dyscyplin\u0105.<\/p>\n<h2 style=\"text-align: center\">Trenerzy badmintona \u2013 najlepsza kadra w warszawie<\/h2>\n<p>Ka\u017cdy <strong>trener badmintona<\/strong> w naszej akademii w <strong>Warszawie<\/strong> to wieloletni pasjonat tego sportu. Mo\u017cemy poszczyci\u0107 si\u0119 wieloma medalami z mistrzostw krajowych, jak i \u015bwiatowych. Dzi\u0119ki temu wiemy, jak wygl\u0105da profesjonalna strona <strong>badmintona<\/strong>, i kt\u00f3re metody <strong>nauki<\/strong> prze\u0142o\u017c\u0105 si\u0119 na osi\u0105gni\u0119cie najwi\u0119kszych sukces\u00f3w. Szkoleniowcy z pasj\u0105 dziel\u0105 si\u0119 swoimi umiej\u0119tno\u015bciami, dostosowuj\u0105c program treningowy do potrzeb ka\u017cdego kursanta. Ponadto dok\u0142adna znajomo\u015b\u0107 <strong>badmintona<\/strong> pozwala nam prowadzi\u0107 <strong>sklep<\/strong> z najlepszym asortymentem w <strong>Warszawie<\/strong>. Odkryj \u015bwiat tego niezwyk\u0142ego sportu!<\/p>\n<p>Sprawd\u017a ofert\u0119 naszego <strong>sklepu<\/strong> ze sprz\u0119tem do <strong>badmintona<\/strong> <a href=\"https:\/\/lining-polska.pl\/\">online<\/a> lub odwied\u017a nas stacjonarnie w <strong>Warszawie<\/strong>!<\/p>\n","protected":false},"excerpt":{"rendered":"<p>Akademia Badmintona Warszawa \u2013 Twoja przygoda z badmintonem czeka! Szukasz pe\u0142nych rado\u015bci i aktywno\u015bci zaj\u0119\u0107 dla siebie lub swojego dziecka [&hellip;]<\/p>\n","protected":false},"author":1,"featured_media":0,"parent":0,"menu_order":0,"comment_status":"closed","ping_status":"closed","template":"home.php","meta":{"_acf_changed":false,"footnotes":""},"class_list":["post-8","page","type-page","status-publish","hentry"],"acf":[],"yoast_head":"<!-- This site is optimized with the Yoast SEO plugin v25.5 - https:\/\/yoast.com\/wordpress\/plugins\/seo\/ -->\n<title>Badminton Warszawa trenuj \u27a1\ufe0fOchota, Wola, Bemowo, Piaseczno<\/title>\n<meta name=\"description\" content=\"Akademia Badmintona Warszawa to przede wszystkim Wy dlatego zapraszamy was na nasze treningi do naszych lokalizacji w Warszawie\" \/>\n<meta name=\"robots\" content=\"index, follow, max-snippet:-1, max-image-preview:large, max-video-preview:-1\" \/>\n<link rel=\"canonical\" href=\"https:\/\/akademiabadmintona.pl\/warszawa\/\" \/>\n<meta property=\"og:locale\" content=\"pl_PL\" \/>\n<meta property=\"og:type\" content=\"article\" \/>\n<meta property=\"og:title\" content=\"Badminton Warszawa trenuj \u27a1\ufe0fOchota, Wola, Bemowo, Piaseczno\" \/>\n<meta property=\"og:description\" content=\"Akademia Badmintona Warszawa to przede wszystkim Wy dlatego zapraszamy was na nasze treningi do naszych lokalizacji w Warszawie\" \/>\n<meta property=\"og:url\" content=\"https:\/\/akademiabadmintona.pl\/warszawa\/\" \/>\n<meta property=\"og:site_name\" content=\"Akademia badmintona | Warszawa\" \/>\n<meta property=\"article:modified_time\" content=\"2026-02-19T14:28:12+00:00\" \/>\n<meta property=\"og:image\" content=\"https:\/\/akademiabadmintona.pl\/warszawa\/wp-content\/uploads\/sites\/6\/2021\/06\/logo2a.png\" \/>\n\t<meta property=\"og:image:width\" content=\"312\" \/>\n\t<meta property=\"og:image:height\" content=\"171\" \/>\n\t<meta property=\"og:image:type\" content=\"image\/png\" \/>\n<meta name=\"twitter:card\" content=\"summary_large_image\" \/>\n<meta name=\"twitter:label1\" content=\"Szacowany czas czytania\" \/>\n\t<meta name=\"twitter:data1\" content=\"3 minuty\" \/>\n<script type=\"application\/ld+json\" class=\"yoast-schema-graph\">{\"@context\":\"https:\/\/schema.org\",\"@graph\":[{\"@type\":\"WebPage\",\"@id\":\"https:\/\/akademiabadmintona.pl\/warszawa\/\",\"url\":\"https:\/\/akademiabadmintona.pl\/warszawa\/\",\"name\":\"Badminton Warszawa trenuj \u27a1\ufe0fOchota, Wola, Bemowo, Piaseczno\",\"isPartOf\":{\"@id\":\"https:\/\/akademiabadmintona.pl\/warszawa\/#website\"},\"datePublished\":\"2021-05-22T10:11:14+00:00\",\"dateModified\":\"2026-02-19T14:28:12+00:00\",\"description\":\"Akademia Badmintona Warszawa to przede wszystkim Wy dlatego zapraszamy was na nasze treningi do naszych lokalizacji w Warszawie\",\"breadcrumb\":{\"@id\":\"https:\/\/akademiabadmintona.pl\/warszawa\/#breadcrumb\"},\"inLanguage\":\"pl-PL\",\"potentialAction\":[{\"@type\":\"ReadAction\",\"target\":[\"https:\/\/akademiabadmintona.pl\/warszawa\/\"]}]},{\"@type\":\"BreadcrumbList\",\"@id\":\"https:\/\/akademiabadmintona.pl\/warszawa\/#breadcrumb\",\"itemListElement\":[{\"@type\":\"ListItem\",\"position\":1,\"name\":\"Strona g\u0142\u00f3wna\",\"item\":\"https:\/\/akademiabadmintona.pl\/warszawa\/\"},{\"@type\":\"ListItem\",\"position\":2,\"name\":\"Strona G\u0142\u00f3wna\"}]},{\"@type\":\"WebSite\",\"@id\":\"https:\/\/akademiabadmintona.pl\/warszawa\/#website\",\"url\":\"https:\/\/akademiabadmintona.pl\/warszawa\/\",\"name\":\"Akademia badmintona | Warszawa\",\"description\":\"Kolejna witryna sieci \u201eAkademia badmintona Witryn\u201d\",\"publisher\":{\"@id\":\"https:\/\/akademiabadmintona.pl\/warszawa\/#organization\"},\"potentialAction\":[{\"@type\":\"SearchAction\",\"target\":{\"@type\":\"EntryPoint\",\"urlTemplate\":\"https:\/\/akademiabadmintona.pl\/warszawa\/?s={search_term_string}\"},\"query-input\":{\"@type\":\"PropertyValueSpecification\",\"valueRequired\":true,\"valueName\":\"search_term_string\"}}],\"inLanguage\":\"pl-PL\"},{\"@type\":\"Organization\",\"@id\":\"https:\/\/akademiabadmintona.pl\/warszawa\/#organization\",\"name\":\"Akademia badmintona | Warszawa\",\"url\":\"https:\/\/akademiabadmintona.pl\/warszawa\/\",\"logo\":{\"@type\":\"ImageObject\",\"inLanguage\":\"pl-PL\",\"@id\":\"https:\/\/akademiabadmintona.pl\/warszawa\/#\/schema\/logo\/image\/\",\"url\":\"https:\/\/akademiabadmintona.pl\/warszawa\/wp-content\/uploads\/sites\/6\/2021\/06\/logo2a.png\",\"contentUrl\":\"https:\/\/akademiabadmintona.pl\/warszawa\/wp-content\/uploads\/sites\/6\/2021\/06\/logo2a.png\",\"width\":312,\"height\":171,\"caption\":\"Akademia badmintona | Warszawa\"},\"image\":{\"@id\":\"https:\/\/akademiabadmintona.pl\/warszawa\/#\/schema\/logo\/image\/\"}}]}<\/script>\n<!-- \/ Yoast SEO plugin. -->","yoast_head_json":{"title":"Badminton Warszawa trenuj \u27a1\ufe0fOchota, Wola, Bemowo, Piaseczno","description":"Akademia Badmintona Warszawa to przede wszystkim Wy dlatego zapraszamy was na nasze treningi do naszych lokalizacji w Warszawie","robots":{"index":"index","follow":"follow","max-snippet":"max-snippet:-1","max-image-preview":"max-image-preview:large","max-video-preview":"max-video-preview:-1"},"canonical":"https:\/\/akademiabadmintona.pl\/warszawa\/","og_locale":"pl_PL","og_type":"article","og_title":"Badminton Warszawa trenuj \u27a1\ufe0fOchota, Wola, Bemowo, Piaseczno","og_description":"Akademia Badmintona Warszawa to przede wszystkim Wy dlatego zapraszamy was na nasze treningi do naszych lokalizacji w Warszawie","og_url":"https:\/\/akademiabadmintona.pl\/warszawa\/","og_site_name":"Akademia badmintona | Warszawa","article_modified_time":"2026-02-19T14:28:12+00:00","og_image":[{"width":312,"height":171,"url":"https:\/\/akademiabadmintona.pl\/warszawa\/wp-content\/uploads\/sites\/6\/2021\/06\/logo2a.png","type":"image\/png"}],"twitter_card":"summary_large_image","twitter_misc":{"Szacowany czas czytania":"3 minuty"},"schema":{"@context":"https:\/\/schema.org","@graph":[{"@type":"WebPage","@id":"https:\/\/akademiabadmintona.pl\/warszawa\/","url":"https:\/\/akademiabadmintona.pl\/warszawa\/","name":"Badminton Warszawa trenuj \u27a1\ufe0fOchota, Wola, Bemowo, Piaseczno","isPartOf":{"@id":"https:\/\/akademiabadmintona.pl\/warszawa\/#website"},"datePublished":"2021-05-22T10:11:14+00:00","dateModified":"2026-02-19T14:28:12+00:00","description":"Akademia Badmintona Warszawa to przede wszystkim Wy dlatego zapraszamy was na nasze treningi do naszych lokalizacji w Warszawie","breadcrumb":{"@id":"https:\/\/akademiabadmintona.pl\/warszawa\/#breadcrumb"},"inLanguage":"pl-PL","potentialAction":[{"@type":"ReadAction","target":["https:\/\/akademiabadmintona.pl\/warszawa\/"]}]},{"@type":"BreadcrumbList","@id":"https:\/\/akademiabadmintona.pl\/warszawa\/#breadcrumb","itemListElement":[{"@type":"ListItem","position":1,"name":"Strona g\u0142\u00f3wna","item":"https:\/\/akademiabadmintona.pl\/warszawa\/"},{"@type":"ListItem","position":2,"name":"Strona G\u0142\u00f3wna"}]},{"@type":"WebSite","@id":"https:\/\/akademiabadmintona.pl\/warszawa\/#website","url":"https:\/\/akademiabadmintona.pl\/warszawa\/","name":"Akademia badmintona | Warszawa","description":"Kolejna witryna sieci \u201eAkademia badmintona Witryn\u201d","publisher":{"@id":"https:\/\/akademiabadmintona.pl\/warszawa\/#organization"},"potentialAction":[{"@type":"SearchAction","target":{"@type":"EntryPoint","urlTemplate":"https:\/\/akademiabadmintona.pl\/warszawa\/?s={search_term_string}"},"query-input":{"@type":"PropertyValueSpecification","valueRequired":true,"valueName":"search_term_string"}}],"inLanguage":"pl-PL"},{"@type":"Organization","@id":"https:\/\/akademiabadmintona.pl\/warszawa\/#organization","name":"Akademia badmintona | Warszawa","url":"https:\/\/akademiabadmintona.pl\/warszawa\/","logo":{"@type":"ImageObject","inLanguage":"pl-PL","@id":"https:\/\/akademiabadmintona.pl\/warszawa\/#\/schema\/logo\/image\/","url":"https:\/\/akademiabadmintona.pl\/warszawa\/wp-content\/uploads\/sites\/6\/2021\/06\/logo2a.png","contentUrl":"https:\/\/akademiabadmintona.pl\/warszawa\/wp-content\/uploads\/sites\/6\/2021\/06\/logo2a.png","width":312,"height":171,"caption":"Akademia badmintona | Warszawa"},"image":{"@id":"https:\/\/akademiabadmintona.pl\/warszawa\/#\/schema\/logo\/image\/"}}]}},"_links":{"self":[{"href":"https:\/\/akademiabadmintona.pl\/warszawa\/wp-json\/wp\/v2\/pages\/8","targetHints":{"allow":["GET"]}}],"collection":[{"href":"https:\/\/akademiabadmintona.pl\/warszawa\/wp-json\/wp\/v2\/pages"}],"about":[{"href":"https:\/\/akademiabadmintona.pl\/warszawa\/wp-json\/wp\/v2\/types\/page"}],"author":[{"embeddable":true,"href":"https:\/\/akademiabadmintona.pl\/warszawa\/wp-json\/wp\/v2\/users\/1"}],"replies":[{"embeddable":true,"href":"https:\/\/akademiabadmintona.pl\/warszawa\/wp-json\/wp\/v2\/comments?post=8"}],"version-history":[{"count":85,"href":"https:\/\/akademiabadmintona.pl\/warszawa\/wp-json\/wp\/v2\/pages\/8\/revisions"}],"predecessor-version":[{"id":1566,"href":"https:\/\/akademiabadmintona.pl\/warszawa\/wp-json\/wp\/v2\/pages\/8\/revisions\/1566"}],"wp:attachment":[{"href":"https:\/\/akademiabadmintona.pl\/warszawa\/wp-json\/wp\/v2\/media?parent=8"}],"curies":[{"name":"wp","href":"https:\/\/api.w.org\/{rel}","templated":true}]}}