{"id":92,"date":"2021-05-23T13:21:53","date_gmt":"2021-05-23T11:21:53","guid":{"rendered":"http:\/\/localhost\/akademia\/krakow\/?page_id=92"},"modified":"2026-01-23T23:15:50","modified_gmt":"2026-01-23T22:15:50","slug":"liga","status":"publish","type":"page","link":"https:\/\/akademiabadmintona.pl\/warszawa\/liga\/","title":{"rendered":"LIGA DEBLOWA"},"content":{"rendered":"<p>Serdecznie zapraszamy wszystkich do udzia\u0142u w organizowanych przez nas ligach w klubie Kahuna na warszawskim Wilanowie.<\/p>\n<p>Rozgrywki odbywaj\u0105 si\u0119 co tydzie\u0144!<\/p>\n<p>&nbsp;<\/p>\n<p><span style=\"font-size: 14pt;\"><strong>Liga deblowa<\/strong><\/span><\/p>\n<p>Aby do\u0142\u0105czy\u0107 do ligi deblowej nie musisz mie\u0107 partnera czy partnerki \u2013 mo\u017cesz przyj\u015b\u0107 indywidualnie, a drug\u0105 osob\u0119 dobierzemy na korcie.<\/p>\n<p>Zawodnicy rywalizuj\u0105 w ka\u017cd\u0105 sobot\u0119 w godz 13:00-15:00 oraz niedziel\u0119 w godzinach 19:00 \u2013 21:00.<\/p>\n<p>Op\u0142ata za jednorazowy udzia\u0142 w rozgrywkach wynosi 80 z\u0142 p\u0142atne na miejscu.<\/p>\n<p>Lig\u0119 w soboty organizuje i prowadzi Jan tel. 881-200-818<\/p>\n<p>W niedziel\u0119 Daria tel: 508 754 970<\/p>\n<div class='activenow-form-container activenow-form-67127-container'><center><img src='https:\/\/www.activenow.io\/assets\/ripple.gif' width='100px'\/><\/center><script async src='https:\/\/app.activenow.io\/external\/signup_form\/load_by_js?category=&#038;city_id=&#038;code=4m4kHCr6ZXfSYiwh&#038;school_id=8420&#038;signup_form_id=67127&#038;venue_id=&#038;zz='><\/script><\/div>\n","protected":false},"excerpt":{"rendered":"<p>Serdecznie zapraszamy wszystkich do udzia\u0142u w organizowanych przez nas ligach w klubie Kahuna na warszawskim Wilanowie. Rozgrywki odbywaj\u0105 si\u0119 co [&hellip;]<\/p>\n","protected":false},"author":1,"featured_media":813,"parent":0,"menu_order":0,"comment_status":"closed","ping_status":"closed","template":"","meta":{"_acf_changed":false,"footnotes":""},"class_list":["post-92","page","type-page","status-publish","has-post-thumbnail","hentry"],"acf":[],"yoast_head":"<!-- This site is optimized with the Yoast SEO plugin v25.5 - https:\/\/yoast.com\/wordpress\/plugins\/seo\/ -->\n<title>Liga deblowa w klubie Kahuna - akademiabadmintona.pl<\/title>\n<meta name=\"description\" content=\"Cotygodniowa liga deblowa w klubie Kahuna na Wilanowie. Mo\u017cesz zapisa\u0107 si\u0119 solo \u2013 partnera dobierzemy na korcie. Zapraszamy - akademiabadmintona.pl\" \/>\n<meta name=\"robots\" content=\"index, follow, max-snippet:-1, max-image-preview:large, max-video-preview:-1\" \/>\n<link rel=\"canonical\" href=\"https:\/\/akademiabadmintona.pl\/warszawa\/liga\/\" \/>\n<meta property=\"og:locale\" content=\"pl_PL\" \/>\n<meta property=\"og:type\" content=\"article\" \/>\n<meta property=\"og:title\" content=\"Liga deblowa w klubie Kahuna - akademiabadmintona.pl\" \/>\n<meta property=\"og:description\" content=\"Cotygodniowa liga deblowa w klubie Kahuna na Wilanowie. Mo\u017cesz zapisa\u0107 si\u0119 solo \u2013 partnera dobierzemy na korcie. Zapraszamy - akademiabadmintona.pl\" \/>\n<meta property=\"og:url\" content=\"https:\/\/akademiabadmintona.pl\/warszawa\/liga\/\" \/>\n<meta property=\"og:site_name\" content=\"Akademia badmintona | Warszawa\" \/>\n<meta property=\"article:modified_time\" content=\"2026-01-23T22:15:50+00:00\" \/>\n<meta property=\"og:image\" content=\"https:\/\/akademiabadmintona.pl\/warszawa\/wp-content\/uploads\/sites\/6\/2021\/07\/liga-badmintona.jpg\" \/>\n\t<meta property=\"og:image:width\" content=\"1440\" \/>\n\t<meta property=\"og:image:height\" content=\"1080\" \/>\n\t<meta property=\"og:image:type\" content=\"image\/jpeg\" \/>\n<meta name=\"twitter:card\" content=\"summary_large_image\" \/>\n<meta name=\"twitter:label1\" content=\"Szacowany czas czytania\" \/>\n\t<meta name=\"twitter:data1\" content=\"1 minuta\" \/>\n<script type=\"application\/ld+json\" class=\"yoast-schema-graph\">{\"@context\":\"https:\/\/schema.org\",\"@graph\":[{\"@type\":\"WebPage\",\"@id\":\"https:\/\/akademiabadmintona.pl\/warszawa\/liga\/\",\"url\":\"https:\/\/akademiabadmintona.pl\/warszawa\/liga\/\",\"name\":\"Liga deblowa w klubie Kahuna - akademiabadmintona.pl\",\"isPartOf\":{\"@id\":\"https:\/\/akademiabadmintona.pl\/warszawa\/#website\"},\"primaryImageOfPage\":{\"@id\":\"https:\/\/akademiabadmintona.pl\/warszawa\/liga\/#primaryimage\"},\"image\":{\"@id\":\"https:\/\/akademiabadmintona.pl\/warszawa\/liga\/#primaryimage\"},\"thumbnailUrl\":\"https:\/\/akademiabadmintona.pl\/warszawa\/wp-content\/uploads\/sites\/6\/2021\/07\/liga-badmintona.jpg\",\"datePublished\":\"2021-05-23T11:21:53+00:00\",\"dateModified\":\"2026-01-23T22:15:50+00:00\",\"description\":\"Cotygodniowa liga deblowa w klubie Kahuna na Wilanowie. Mo\u017cesz zapisa\u0107 si\u0119 solo \u2013 partnera dobierzemy na korcie. Zapraszamy - akademiabadmintona.pl\",\"breadcrumb\":{\"@id\":\"https:\/\/akademiabadmintona.pl\/warszawa\/liga\/#breadcrumb\"},\"inLanguage\":\"pl-PL\",\"potentialAction\":[{\"@type\":\"ReadAction\",\"target\":[\"https:\/\/akademiabadmintona.pl\/warszawa\/liga\/\"]}]},{\"@type\":\"ImageObject\",\"inLanguage\":\"pl-PL\",\"@id\":\"https:\/\/akademiabadmintona.pl\/warszawa\/liga\/#primaryimage\",\"url\":\"https:\/\/akademiabadmintona.pl\/warszawa\/wp-content\/uploads\/sites\/6\/2021\/07\/liga-badmintona.jpg\",\"contentUrl\":\"https:\/\/akademiabadmintona.pl\/warszawa\/wp-content\/uploads\/sites\/6\/2021\/07\/liga-badmintona.jpg\",\"width\":1440,\"height\":1080},{\"@type\":\"BreadcrumbList\",\"@id\":\"https:\/\/akademiabadmintona.pl\/warszawa\/liga\/#breadcrumb\",\"itemListElement\":[{\"@type\":\"ListItem\",\"position\":1,\"name\":\"Strona g\u0142\u00f3wna\",\"item\":\"https:\/\/akademiabadmintona.pl\/warszawa\/\"},{\"@type\":\"ListItem\",\"position\":2,\"name\":\"LIGA DEBLOWA\"}]},{\"@type\":\"WebSite\",\"@id\":\"https:\/\/akademiabadmintona.pl\/warszawa\/#website\",\"url\":\"https:\/\/akademiabadmintona.pl\/warszawa\/\",\"name\":\"Akademia badmintona | Warszawa\",\"description\":\"Kolejna witryna sieci \u201eAkademia badmintona Witryn\u201d\",\"publisher\":{\"@id\":\"https:\/\/akademiabadmintona.pl\/warszawa\/#organization\"},\"potentialAction\":[{\"@type\":\"SearchAction\",\"target\":{\"@type\":\"EntryPoint\",\"urlTemplate\":\"https:\/\/akademiabadmintona.pl\/warszawa\/?s={search_term_string}\"},\"query-input\":{\"@type\":\"PropertyValueSpecification\",\"valueRequired\":true,\"valueName\":\"search_term_string\"}}],\"inLanguage\":\"pl-PL\"},{\"@type\":\"Organization\",\"@id\":\"https:\/\/akademiabadmintona.pl\/warszawa\/#organization\",\"name\":\"Akademia badmintona | Warszawa\",\"url\":\"https:\/\/akademiabadmintona.pl\/warszawa\/\",\"logo\":{\"@type\":\"ImageObject\",\"inLanguage\":\"pl-PL\",\"@id\":\"https:\/\/akademiabadmintona.pl\/warszawa\/#\/schema\/logo\/image\/\",\"url\":\"https:\/\/akademiabadmintona.pl\/warszawa\/wp-content\/uploads\/sites\/6\/2021\/06\/logo2a.png\",\"contentUrl\":\"https:\/\/akademiabadmintona.pl\/warszawa\/wp-content\/uploads\/sites\/6\/2021\/06\/logo2a.png\",\"width\":312,\"height\":171,\"caption\":\"Akademia badmintona | Warszawa\"},\"image\":{\"@id\":\"https:\/\/akademiabadmintona.pl\/warszawa\/#\/schema\/logo\/image\/\"}}]}<\/script>\n<!-- \/ Yoast SEO plugin. -->","yoast_head_json":{"title":"Liga deblowa w klubie Kahuna - akademiabadmintona.pl","description":"Cotygodniowa liga deblowa w klubie Kahuna na Wilanowie. Mo\u017cesz zapisa\u0107 si\u0119 solo \u2013 partnera dobierzemy na korcie. Zapraszamy - akademiabadmintona.pl","robots":{"index":"index","follow":"follow","max-snippet":"max-snippet:-1","max-image-preview":"max-image-preview:large","max-video-preview":"max-video-preview:-1"},"canonical":"https:\/\/akademiabadmintona.pl\/warszawa\/liga\/","og_locale":"pl_PL","og_type":"article","og_title":"Liga deblowa w klubie Kahuna - akademiabadmintona.pl","og_description":"Cotygodniowa liga deblowa w klubie Kahuna na Wilanowie. Mo\u017cesz zapisa\u0107 si\u0119 solo \u2013 partnera dobierzemy na korcie. Zapraszamy - akademiabadmintona.pl","og_url":"https:\/\/akademiabadmintona.pl\/warszawa\/liga\/","og_site_name":"Akademia badmintona | Warszawa","article_modified_time":"2026-01-23T22:15:50+00:00","og_image":[{"width":1440,"height":1080,"url":"https:\/\/akademiabadmintona.pl\/warszawa\/wp-content\/uploads\/sites\/6\/2021\/07\/liga-badmintona.jpg","type":"image\/jpeg"}],"twitter_card":"summary_large_image","twitter_misc":{"Szacowany czas czytania":"1 minuta"},"schema":{"@context":"https:\/\/schema.org","@graph":[{"@type":"WebPage","@id":"https:\/\/akademiabadmintona.pl\/warszawa\/liga\/","url":"https:\/\/akademiabadmintona.pl\/warszawa\/liga\/","name":"Liga deblowa w klubie Kahuna - akademiabadmintona.pl","isPartOf":{"@id":"https:\/\/akademiabadmintona.pl\/warszawa\/#website"},"primaryImageOfPage":{"@id":"https:\/\/akademiabadmintona.pl\/warszawa\/liga\/#primaryimage"},"image":{"@id":"https:\/\/akademiabadmintona.pl\/warszawa\/liga\/#primaryimage"},"thumbnailUrl":"https:\/\/akademiabadmintona.pl\/warszawa\/wp-content\/uploads\/sites\/6\/2021\/07\/liga-badmintona.jpg","datePublished":"2021-05-23T11:21:53+00:00","dateModified":"2026-01-23T22:15:50+00:00","description":"Cotygodniowa liga deblowa w klubie Kahuna na Wilanowie. Mo\u017cesz zapisa\u0107 si\u0119 solo \u2013 partnera dobierzemy na korcie. Zapraszamy - akademiabadmintona.pl","breadcrumb":{"@id":"https:\/\/akademiabadmintona.pl\/warszawa\/liga\/#breadcrumb"},"inLanguage":"pl-PL","potentialAction":[{"@type":"ReadAction","target":["https:\/\/akademiabadmintona.pl\/warszawa\/liga\/"]}]},{"@type":"ImageObject","inLanguage":"pl-PL","@id":"https:\/\/akademiabadmintona.pl\/warszawa\/liga\/#primaryimage","url":"https:\/\/akademiabadmintona.pl\/warszawa\/wp-content\/uploads\/sites\/6\/2021\/07\/liga-badmintona.jpg","contentUrl":"https:\/\/akademiabadmintona.pl\/warszawa\/wp-content\/uploads\/sites\/6\/2021\/07\/liga-badmintona.jpg","width":1440,"height":1080},{"@type":"BreadcrumbList","@id":"https:\/\/akademiabadmintona.pl\/warszawa\/liga\/#breadcrumb","itemListElement":[{"@type":"ListItem","position":1,"name":"Strona g\u0142\u00f3wna","item":"https:\/\/akademiabadmintona.pl\/warszawa\/"},{"@type":"ListItem","position":2,"name":"LIGA DEBLOWA"}]},{"@type":"WebSite","@id":"https:\/\/akademiabadmintona.pl\/warszawa\/#website","url":"https:\/\/akademiabadmintona.pl\/warszawa\/","name":"Akademia badmintona | Warszawa","description":"Kolejna witryna sieci \u201eAkademia badmintona Witryn\u201d","publisher":{"@id":"https:\/\/akademiabadmintona.pl\/warszawa\/#organization"},"potentialAction":[{"@type":"SearchAction","target":{"@type":"EntryPoint","urlTemplate":"https:\/\/akademiabadmintona.pl\/warszawa\/?s={search_term_string}"},"query-input":{"@type":"PropertyValueSpecification","valueRequired":true,"valueName":"search_term_string"}}],"inLanguage":"pl-PL"},{"@type":"Organization","@id":"https:\/\/akademiabadmintona.pl\/warszawa\/#organization","name":"Akademia badmintona | Warszawa","url":"https:\/\/akademiabadmintona.pl\/warszawa\/","logo":{"@type":"ImageObject","inLanguage":"pl-PL","@id":"https:\/\/akademiabadmintona.pl\/warszawa\/#\/schema\/logo\/image\/","url":"https:\/\/akademiabadmintona.pl\/warszawa\/wp-content\/uploads\/sites\/6\/2021\/06\/logo2a.png","contentUrl":"https:\/\/akademiabadmintona.pl\/warszawa\/wp-content\/uploads\/sites\/6\/2021\/06\/logo2a.png","width":312,"height":171,"caption":"Akademia badmintona | Warszawa"},"image":{"@id":"https:\/\/akademiabadmintona.pl\/warszawa\/#\/schema\/logo\/image\/"}}]}},"_links":{"self":[{"href":"https:\/\/akademiabadmintona.pl\/warszawa\/wp-json\/wp\/v2\/pages\/92","targetHints":{"allow":["GET"]}}],"collection":[{"href":"https:\/\/akademiabadmintona.pl\/warszawa\/wp-json\/wp\/v2\/pages"}],"about":[{"href":"https:\/\/akademiabadmintona.pl\/warszawa\/wp-json\/wp\/v2\/types\/page"}],"author":[{"embeddable":true,"href":"https:\/\/akademiabadmintona.pl\/warszawa\/wp-json\/wp\/v2\/users\/1"}],"replies":[{"embeddable":true,"href":"https:\/\/akademiabadmintona.pl\/warszawa\/wp-json\/wp\/v2\/comments?post=92"}],"version-history":[{"count":33,"href":"https:\/\/akademiabadmintona.pl\/warszawa\/wp-json\/wp\/v2\/pages\/92\/revisions"}],"predecessor-version":[{"id":1558,"href":"https:\/\/akademiabadmintona.pl\/warszawa\/wp-json\/wp\/v2\/pages\/92\/revisions\/1558"}],"wp:featuredmedia":[{"embeddable":true,"href":"https:\/\/akademiabadmintona.pl\/warszawa\/wp-json\/wp\/v2\/media\/813"}],"wp:attachment":[{"href":"https:\/\/akademiabadmintona.pl\/warszawa\/wp-json\/wp\/v2\/media?parent=92"}],"curies":[{"name":"wp","href":"https:\/\/api.w.org\/{rel}","templated":true}]}}